{"id":695,"date":"2017-10-25T17:00:52","date_gmt":"2017-10-25T16:00:52","guid":{"rendered":"http:\/\/dev.joomexp.com\/wordpress\/cargo-pifour\/?page_id=695"},"modified":"2024-06-04T16:06:46","modified_gmt":"2024-06-04T13:06:46","slug":"ankara-cevre-danismanlik","status":"publish","type":"page","link":"https:\/\/ankaracevre.com\/","title":{"rendered":"Ana Sayfa"},"content":{"rendered":"<p>[vc_row][vc_column][\/vc_column][vc_column][vc_separator border_width=&#8221;5&#8243;][\/vc_column][\/vc_row][vc_row][vc_column][vc_column_text][rev_slider alias=&#8221;anasayfa&#8221;][\/vc_column_text][\/vc_column][\/vc_row][vc_row][vc_column][vc_separator border_width=&#8221;5&#8243;][\/vc_column][\/vc_row][vc_row full_width=&#8221;stretch_row&#8221; css=&#8221;.vc_custom_1509521448433{padding-top: 70px !important;padding-bottom: 50px !important;background-color: #f0f0f0 !important;}&#8221;][vc_column css=&#8221;.vc_custom_1508682303495{padding-bottom: 25px !important;}&#8221;][vc_row_inner][vc_column_inner width=&#8221;1\/3&#8243;][cms_fancybox_single fancy_style=&#8221;style-2&#8243; icon_type=&#8221;entypo&#8221; icon_entypo=&#8221;entypo-icon entypo-icon-users&#8221; title_item=&#8221;UZMAN M\u00dcHEND\u0130S KADROSU&#8221; description_item=&#8221;Sien \u00c7evre Dan\u0131\u015fmanl\u0131k, alan\u0131nda uzman m\u00fchendisler ile hizmet sunmaktad\u0131r&#8221;][\/vc_column_inner][vc_column_inner width=&#8221;1\/3&#8243;][cms_fancybox_single fancy_style=&#8221;style-2&#8243; icon_type=&#8221;entypo&#8221; icon_entypo=&#8221;entypo-icon entypo-icon-thumbs-up&#8221; title_item=&#8221;PROFESYONEL H\u0130ZMET&#8221; description_item=&#8221;Sien \u00c7evre Dan\u0131\u015fmanl\u0131k, Sizlere tamamen profesyonel ve kurallara uygun hizmet vermektedir.&#8221;][\/vc_column_inner][vc_column_inner width=&#8221;1\/3&#8243;][cms_fancybox_single fancy_style=&#8221;style-2&#8243; icon_fontawesome=&#8221;fa fa-map-marker&#8221; title_item=&#8221;T\u00dcRK\u0130YE&#8217;N\u0130N HER YER\u0130NE&#8221; description_item=&#8221;Sien \u00c7evre Dan\u0131\u015fmanl\u0131k, T\u00fcrkiye&#8217;nin her yerine hizmet vermektedir. Detaylar i\u00e7in ileti\u015fime ge\u00e7iniz&#8221;][\/vc_column_inner][\/vc_row_inner][\/vc_column][\/vc_row][vc_row css=&#8221;.vc_custom_1508983787805{margin-bottom: 15px !important;padding-top: 45px !important;}&#8221;][vc_column width=&#8221;1\/3&#8243; css=&#8221;.vc_custom_1508555782010{margin-bottom: 30px !important;}&#8221;][cms_fancybox_single fancy_style=&#8221;style-1&#8243; title_item=&#8221;\u00c7EVRE DANI\u015eMANLIK&#8221; box_shadow=&#8221;true&#8221; button_text=&#8221;Read More&#8221; cms_template=&#8221;cms_fancybox_single.php&#8221; description_item=&#8221;\u00c7evre Dan\u0131\u015fmanl\u0131k Hizmeti Emisyon Konulu \u00c7evre \u0130zni, G\u00fcr\u00fclt\u00fc Konulu \u00c7evre \u0130zni, De\u015farj Konulu \u00c7evre \u0130zni, Tehlikeli Veya Tehlikesiz At\u0131k Toplama Ay\u0131rma, At\u0131k Geri Kazan\u0131m Lisans Hizmetleri Tehlikeli At\u0131k Ta\u015f\u0131ma Firma ve Ara\u00e7 Lisans Hizmetleri, \u00d6mr\u00fcn\u00fc Tamamlam\u0131\u015f Ara\u00e7 Lisans Hizmeti, At\u0131k Ara Depolama Lisans\u0131&#8221; image=&#8221;10&#8243; link=&#8221;url:http%3A%2F%2Fankaracevre.com%2Fcevre-danismanlik-hizmeti|title:DETAYLAR|target:%20_blank|rel:nofollow&#8221;][\/vc_column][vc_column width=&#8221;1\/3&#8243; css=&#8221;.vc_custom_1508555789869{margin-bottom: 30px !important;}&#8221;][cms_fancybox_single fancy_style=&#8221;style-1&#8243; title_item=&#8221;\u00c7ED Raporu&#8221; box_shadow=&#8221;true&#8221; button_text=&#8221;Read More&#8221; cms_template=&#8221;cms_fancybox_single.php&#8221; description_item=&#8221;\u00c7evresel Etki De\u011ferlendirme \u00e7ed raporu haz\u0131rlanmas\u0131, Proje Tan\u0131t\u0131m Dosyas\u0131 (PTD) Haz\u0131rlanmas\u0131, Sosyal Etki De\u011ferlendirme \u00c7al\u0131\u015fmalar\u0131, Mevcut Arazi Durum Tespitleri, Saha \u00c7al\u0131\u015fmalar\u0131, Do\u011faya Yeniden Kazand\u0131rma Planlar\u0131, \u00c7evre Y\u00f6netim Planlar\u0131, Ek VI Arama Faaliyeti Eleme-Kont&#8230;&#8221; image=&#8221;35&#8243; link=&#8221;url:http%3A%2F%2Fankaracevre.com%2Fcevresel-etki-degerlendirme|title:DETAYLAR|target:%20_blank|rel:nofollow&#8221;][\/vc_column][vc_column width=&#8221;1\/3&#8243; css=&#8221;.vc_custom_1508555797067{margin-bottom: 30px !important;}&#8221;][cms_fancybox_single fancy_style=&#8221;style-1&#8243; title_item=&#8221;M\u00fchendislik ve Dan\u0131\u015fmanl\u0131k&#8221; box_shadow=&#8221;true&#8221; button_text=&#8221;Read More&#8221; cms_template=&#8221;cms_fancybox_single.php&#8221; description_item=&#8221;\u00c7evre Mevzuat\u0131 Dan\u0131\u015fmanl\u0131k Hizmetleri \u0130\u015f Sa\u011fl\u0131\u011f\u0131 ve G\u00fcvenli\u011fi Mevzuat\u0131 Dan\u0131\u015fmanl\u0131k Hizmetleri Jeolojik-Hidrojeolojik Et\u00fctler Su, At\u0131ksu Ar\u0131tma, Altyap\u0131 \u00dcst Yap\u0131 Projeleri Maden Mevzuat\u0131 Dan\u0131\u015fmanl\u0131k Hizmetleri, Maden Arama Ruhsatlar\u0131, Maden \u0130\u015fletme Ruhsatlar\u0131, \u0130\u015f Yeri A\u00e7ma \u00c7al\u0131\u015fma Ruhsatlar\u0131(GSM), Maden \u0130\u015fletme \u0130zinleri&#8221; image=&#8221;39&#8243; link=&#8221;url:http%3A%2F%2Fankaracevre.com%2Fmuhendislik-ve-danismanlik|title:DETAYLAR|target:%20_blank|rel:nofollow&#8221;][\/vc_column][\/vc_row][vc_row][vc_column][vc_separator border_width=&#8221;5&#8243;][\/vc_column][\/vc_row][vc_row css=&#8221;.vc_custom_1508989365904{padding-top: 60px !important;padding-bottom: 90px !important;}&#8221;][vc_column width=&#8221;1\/2&#8243; css=&#8221;.vc_custom_1508746835896{margin-top: 30px !important;}&#8221;][vc_row_inner css=&#8221;.vc_custom_1508989232711{padding-top: 18px !important;}&#8221;][vc_column_inner][vc_custom_heading text=&#8221;HAKKIMIZDA&#8221; font_container=&#8221;tag:h3|text_align:left&#8221; use_theme_fonts=&#8221;yes&#8221; css=&#8221;.vc_custom_1534088809069{margin-bottom: 20px !important;}&#8221;][vc_column_text css=&#8221;.vc_custom_1660541878446{padding-bottom: 30px !important;}&#8221;]<span style=\"font-size: medium;\"><strong>Ankara<\/strong> <strong>\u00c7ED Raporu<\/strong> ve\u00a0<b>\u00c7evre Dan\u0131\u015fmanl\u0131k<\/b>\u00a0kurulu\u015flar\u0131n \u00e7evre mevzuat\u0131 kapsam\u0131nda \u00e7evre dan\u0131\u015fmanl\u0131k hizmeti, \u00e7evresel etki de\u011ferlendirme \u00e7al\u0131\u015fmalar\u0131, \u00e7evresel \u00f6l\u00e7\u00fcm ve raporland\u0131rma, m\u00fchendislik ve dan\u0131\u015fmanl\u0131k ile i\u015f sa\u011fl\u0131\u011f\u0131 ve g\u00fcvenli\u011fi konular\u0131nda alan\u0131nda uzman kadrosu ile birlikte m\u00fc\u015fteri memnuniyeti \u00e7er\u00e7evesinde profesyonel bak\u0131\u015f a\u00e7\u0131s\u0131yla \u00e7\u00f6z\u00fcmler \u00fcretmektedir.<\/span>[\/vc_column_text][cms_fancybox_single fancy_style=&#8221;style-1&#8243; link=&#8221;url:http%3A%2F%2Fankaracevre.com%2Fhakkimizda|title:DETAYLAR|target:%20_blank|rel:nofollow&#8221;][\/vc_column_inner][\/vc_row_inner][\/vc_column][vc_column width=&#8221;1\/2&#8243; css=&#8221;.vc_custom_1508989348299{padding-top: 30px !important;}&#8221;][vc_tta_tabs spacing=&#8221;3&#8243; active_section=&#8221;1&#8243;][vc_tta_section title=&#8221;Misyonumuz&#8221; tab_id=&#8221;1534088866406-52c7a137-9964&#8243;][vc_column_text]<span style=\"font-size: medium;\">M\u00fc\u015fterilerimizin ihtiya\u00e7lar\u0131n\u0131 \u00f6ng\u00f6rerek h\u0131zl\u0131 ve g\u00fcvenilir \u00e7\u00f6z\u00fcmler \u00fcretirken, tarafs\u0131zl\u0131k ve gizlilik ilkelerimizden \u00f6d\u00fcn vermeden profesyonel \u00f6l\u00e7\u00fcm ve dan\u0131\u015fmanl\u0131k hizmeti sunmakt\u0131r.<\/span>[\/vc_column_text][\/vc_tta_section][vc_tta_section title=&#8221;Vizyonumuz&#8221; tab_id=&#8221;1534088866406-9feddbce-3a15&#8243;][vc_column_text]Kurulu\u015flar\u0131n \u00e7evreye uyumlu hale getirilmesi amac\u0131yla s\u00fcrekli iyile\u015ftirmelerde bulunarak, \u00e7evre sekt\u00f6r\u00fcnde \u00f6nc\u00fc firma olmak.[\/vc_column_text][\/vc_tta_section][vc_tta_section title=&#8221;\u0130lkelerimiz&#8221; tab_id=&#8221;1534089109009-6dd4df91-05f5&#8243;][vc_column_text]<span style=\"font-size: medium;\">M\u00fc\u015fteri odakl\u0131l\u0131k<\/span><\/p>\n<p><span style=\"font-size: medium;\">Kalite<\/span><\/p>\n<p><span style=\"font-size: medium;\">Sorumluluk<\/span><\/p>\n<p><span style=\"font-size: medium;\">Ara\u015ft\u0131rma ve Geli\u015ftirme<\/span><\/p>\n<p><span style=\"font-size: medium;\">S\u00fcreklilik<\/span><\/p>\n<p><span style=\"font-size: medium;\">Verimlilik<\/span><\/p>\n<p><span style=\"font-size: medium;\">Gizlilik<\/span>[\/vc_column_text][\/vc_tta_section][\/vc_tta_tabs][\/vc_column][\/vc_row][vc_row full_width=&#8221;stretch_row&#8221; css=&#8221;.vc_custom_1509005445149{margin-top: 60px !important;margin-bottom: 60px !important;}&#8221;][vc_column][vc_column_text]<\/p>\n<h2>\u00c7ed Raporu\u00a0Hakk\u0131nda ;<\/h2>\n<p><strong>\u00c7evresel Etki De\u011ferlendirmesi<\/strong>, \u00fclkemizde ilk olarak 1993 y\u0131l\u0131nda yay\u0131mlanan \u201c\u00c7evresel Etki De\u011ferlendirmesi Y\u00f6netmeli\u011fi\u201d ile resmi anlam kazanm\u0131\u015f olup, 1993 y\u0131l\u0131ndan g\u00fcn\u00fcm\u00fcze kadar bir \u00e7ok defa revizyona u\u011fram\u0131\u015f ve hali haz\u0131rda y\u00fcr\u00fcrl\u00fckte olan \u201c\u00c7ED Y\u00f6netmeli\u011fi\u201d g\u00fcn\u00fcm\u00fczdeki formunu kazanm\u0131\u015ft\u0131r.<\/p>\n<p>\u00c7evresel Etki De\u011ferlendirmesi\u00a0<strong>\u00c7ED Raporu<\/strong>, hayata ge\u00e7irilmesi planlanan projelerin \u00e7evreye olabilecek olumlu ve olumsuz etkilerinin belirlenmesinde, olumsuz etkilerin \u00e7evreye en az seviyede zarar verecek boyuta indirilmesi veya tamamen \u00f6nlenmesi, proje i\u00e7in se\u00e7ilen lokasyon ve teknoloji alternatiflerinin belirlenmesi ve projelerin uygulanmas\u0131n\u0131n izlenmesi ve kontrol\u00fcnde s\u00fcrd\u00fcr\u00fclecek \u00e7al\u0131\u015fmalar\u0131n tamam\u0131na verilen isimdir.<\/p>\n<p>[\/vc_column_text][vc_column_text]<\/p>\n<p><strong>Ayr\u0131nt\u0131l\u0131 bilgi i\u00e7in di\u011fer Sitelerimizi ziyaret edebilirsiniz<\/strong><\/p>\n<p><strong><a href=\"http:\/\/www.ankaracevredanismanlik.com.tr\">Ankara \u00c7evre Dan\u0131\u015fmanl\u0131k<\/a><\/strong><\/p>\n<p><strong><a href=\"http:\/\/www.sien.com.tr\">Sien \u00c7evre Dan\u0131\u015fmanl\u0131k<\/a><\/strong>[\/vc_column_text][\/vc_column][\/vc_row]<\/p>\n","protected":false},"excerpt":{"rendered":"<p>[vc_row][vc_column][\/vc_column][vc_column][vc_separator border_width=&#8221;5&#8243;][\/vc_column][\/vc_row][vc_row][vc_column][vc_column_text][rev_slider alias=&#8221;anasayfa&#8221;][\/vc_column_text][\/vc_column][\/vc_row][vc_row][vc_column][vc_separator border_width=&#8221;5&#8243;][\/vc_column][\/vc_row][vc_row full_width=&#8221;stretch_row&#8221; css=&#8221;.vc_custom_1509521448433{padding-top: 70px !important;padding-bottom: 50px !important;background-color: #f0f0f0 !important;}&#8221;][vc_column css=&#8221;.vc_custom_1508682303495{padding-bottom: 25px !important;}&#8221;][vc_row_inner][vc_column_inner width=&#8221;1\/3&#8243;][cms_fancybox_single fancy_style=&#8221;style-2&#8243; icon_type=&#8221;entypo&#8221; icon_entypo=&#8221;entypo-icon entypo-icon-users&#8221; title_item=&#8221;UZMAN M\u00dcHEND\u0130S KADROSU&#8221; description_item=&#8221;Sien \u00c7evre Dan\u0131\u015fmanl\u0131k, alan\u0131nda uzman m\u00fchendisler ile hizmet sunmaktad\u0131r&#8221;][\/vc_column_inner][vc_column_inner width=&#8221;1\/3&#8243;][cms_fancybox_single fancy_style=&#8221;style-2&#8243; icon_type=&#8221;entypo&#8221; icon_entypo=&#8221;entypo-icon entypo-icon-thumbs-up&#8221; title_item=&#8221;PROFESYONEL H\u0130ZMET&#8221; description_item=&#8221;Sien \u00c7evre Dan\u0131\u015fmanl\u0131k, Sizlere tamamen profesyonel ve kurallara uygun hizmet vermektedir.&#8221;][\/vc_column_inner][vc_column_inner width=&#8221;1\/3&#8243;][cms_fancybox_single fancy_style=&#8221;style-2&#8243; icon_fontawesome=&#8221;fa fa-map-marker&#8221; title_item=&#8221;T\u00dcRK\u0130YE&#8217;N\u0130N<\/p>\n","protected":false},"author":1,"featured_media":0,"parent":0,"menu_order":0,"comment_status":"closed","ping_status":"closed","template":"","meta":{"footnotes":""},"yoast_head":"<!-- This site is optimized with the Yoast SEO plugin v20.13 - https:\/\/yoast.com\/wordpress\/plugins\/seo\/ -->\n<title>Ankara \u00c7evre - \u00c7ED Raporu ve \u00c7evre Dan\u0131\u015fmanl\u0131k - S\u0130EN \u00c7evre<\/title>\n<meta name=\"description\" content=\"Ankara \u00c7evre dan\u0131\u015fmanl\u0131k uzman kadrosu ile sera gazi dan\u0131\u015fmanl\u0131k, \u00c7ED raporu, Proje Tan\u0131t\u0131m Dosyas\u0131 ve \u00e7evre izinleri hizmeti vermektedir.\" \/>\n<meta name=\"robots\" content=\"index, follow, max-snippet:-1, max-image-preview:large, max-video-preview:-1\" \/>\n<link rel=\"canonical\" href=\"https:\/\/ankaracevre.com\/\" \/>\n<meta property=\"og:locale\" content=\"tr_TR\" \/>\n<meta property=\"og:type\" content=\"article\" \/>\n<meta property=\"og:title\" content=\"Ankara \u00c7evre - \u00c7ED Raporu ve \u00c7evre Dan\u0131\u015fmanl\u0131k - S\u0130EN \u00c7evre\" \/>\n<meta property=\"og:description\" content=\"Ankara \u00c7evre dan\u0131\u015fmanl\u0131k uzman kadrosu ile sera gazi dan\u0131\u015fmanl\u0131k, \u00c7ED raporu, Proje Tan\u0131t\u0131m Dosyas\u0131 ve \u00e7evre izinleri hizmeti vermektedir.\" \/>\n<meta property=\"og:url\" content=\"https:\/\/ankaracevre.com\/\" \/>\n<meta property=\"og:site_name\" content=\"\u00c7evre Dan\u0131\u015fmanl\u0131k ve \u00c7ED Raporu - S\u0130EN \u00c7evre\" \/>\n<meta property=\"article:modified_time\" content=\"2024-06-04T13:06:46+00:00\" \/>\n<meta name=\"twitter:card\" content=\"summary_large_image\" \/>\n<meta name=\"twitter:label1\" content=\"Tahmini okuma s\u00fcresi\" \/>\n\t<meta name=\"twitter:data1\" content=\"3 dakika\" \/>\n<script type=\"application\/ld+json\" class=\"yoast-schema-graph\">{\"@context\":\"https:\/\/schema.org\",\"@graph\":[{\"@type\":\"WebPage\",\"@id\":\"https:\/\/ankaracevre.com\/\",\"url\":\"https:\/\/ankaracevre.com\/\",\"name\":\"Ankara \u00c7evre - \u00c7ED Raporu ve \u00c7evre Dan\u0131\u015fmanl\u0131k - S\u0130EN \u00c7evre\",\"isPartOf\":{\"@id\":\"https:\/\/ankaracevre.com\/#website\"},\"datePublished\":\"2017-10-25T16:00:52+00:00\",\"dateModified\":\"2024-06-04T13:06:46+00:00\",\"description\":\"Ankara \u00c7evre dan\u0131\u015fmanl\u0131k uzman kadrosu ile sera gazi dan\u0131\u015fmanl\u0131k, \u00c7ED raporu, Proje Tan\u0131t\u0131m Dosyas\u0131 ve \u00e7evre izinleri hizmeti vermektedir.\",\"inLanguage\":\"tr\",\"potentialAction\":[{\"@type\":\"ReadAction\",\"target\":[\"https:\/\/ankaracevre.com\/\"]}]},{\"@type\":\"WebSite\",\"@id\":\"https:\/\/ankaracevre.com\/#website\",\"url\":\"https:\/\/ankaracevre.com\/\",\"name\":\"\u00c7evre Dan\u0131\u015fmanl\u0131k ve \u00c7ED Raporu - S\u0130EN \u00c7evre\",\"description\":\"Sien \u00c7evre Dan\u0131\u015fmanl\u0131k Kurulu\u015fudur.\",\"publisher\":{\"@id\":\"https:\/\/ankaracevre.com\/#organization\"},\"potentialAction\":[{\"@type\":\"SearchAction\",\"target\":{\"@type\":\"EntryPoint\",\"urlTemplate\":\"https:\/\/ankaracevre.com\/?s={search_term_string}\"},\"query-input\":\"required name=search_term_string\"}],\"inLanguage\":\"tr\"},{\"@type\":\"Organization\",\"@id\":\"https:\/\/ankaracevre.com\/#organization\",\"name\":\"Sien \u00c7evre Dan\u0131\u015fmanl\u0131k\",\"url\":\"https:\/\/ankaracevre.com\/\",\"logo\":{\"@type\":\"ImageObject\",\"inLanguage\":\"tr\",\"@id\":\"https:\/\/ankaracevre.com\/#\/schema\/logo\/image\/\",\"url\":\"https:\/\/ankaracevre.com\/wp-content\/uploads\/2018\/08\/sien-ikon.png\",\"contentUrl\":\"https:\/\/ankaracevre.com\/wp-content\/uploads\/2018\/08\/sien-ikon.png\",\"width\":80,\"height\":93,\"caption\":\"Sien \u00c7evre Dan\u0131\u015fmanl\u0131k\"},\"image\":{\"@id\":\"https:\/\/ankaracevre.com\/#\/schema\/logo\/image\/\"},\"sameAs\":[\"https:\/\/www.linkedin.com\/in\/sinan-kurban-675aa759\/\"]}]}<\/script>\n<!-- \/ Yoast SEO plugin. -->","yoast_head_json":{"title":"Ankara \u00c7evre - \u00c7ED Raporu ve \u00c7evre Dan\u0131\u015fmanl\u0131k - S\u0130EN \u00c7evre","description":"Ankara \u00c7evre dan\u0131\u015fmanl\u0131k uzman kadrosu ile sera gazi dan\u0131\u015fmanl\u0131k, \u00c7ED raporu, Proje Tan\u0131t\u0131m Dosyas\u0131 ve \u00e7evre izinleri hizmeti vermektedir.","robots":{"index":"index","follow":"follow","max-snippet":"max-snippet:-1","max-image-preview":"max-image-preview:large","max-video-preview":"max-video-preview:-1"},"canonical":"https:\/\/ankaracevre.com\/","og_locale":"tr_TR","og_type":"article","og_title":"Ankara \u00c7evre - \u00c7ED Raporu ve \u00c7evre Dan\u0131\u015fmanl\u0131k - S\u0130EN \u00c7evre","og_description":"Ankara \u00c7evre dan\u0131\u015fmanl\u0131k uzman kadrosu ile sera gazi dan\u0131\u015fmanl\u0131k, \u00c7ED raporu, Proje Tan\u0131t\u0131m Dosyas\u0131 ve \u00e7evre izinleri hizmeti vermektedir.","og_url":"https:\/\/ankaracevre.com\/","og_site_name":"\u00c7evre Dan\u0131\u015fmanl\u0131k ve \u00c7ED Raporu - S\u0130EN \u00c7evre","article_modified_time":"2024-06-04T13:06:46+00:00","twitter_card":"summary_large_image","twitter_misc":{"Tahmini okuma s\u00fcresi":"3 dakika"},"schema":{"@context":"https:\/\/schema.org","@graph":[{"@type":"WebPage","@id":"https:\/\/ankaracevre.com\/","url":"https:\/\/ankaracevre.com\/","name":"Ankara \u00c7evre - \u00c7ED Raporu ve \u00c7evre Dan\u0131\u015fmanl\u0131k - S\u0130EN \u00c7evre","isPartOf":{"@id":"https:\/\/ankaracevre.com\/#website"},"datePublished":"2017-10-25T16:00:52+00:00","dateModified":"2024-06-04T13:06:46+00:00","description":"Ankara \u00c7evre dan\u0131\u015fmanl\u0131k uzman kadrosu ile sera gazi dan\u0131\u015fmanl\u0131k, \u00c7ED raporu, Proje Tan\u0131t\u0131m Dosyas\u0131 ve \u00e7evre izinleri hizmeti vermektedir.","inLanguage":"tr","potentialAction":[{"@type":"ReadAction","target":["https:\/\/ankaracevre.com\/"]}]},{"@type":"WebSite","@id":"https:\/\/ankaracevre.com\/#website","url":"https:\/\/ankaracevre.com\/","name":"\u00c7evre Dan\u0131\u015fmanl\u0131k ve \u00c7ED Raporu - S\u0130EN \u00c7evre","description":"Sien \u00c7evre Dan\u0131\u015fmanl\u0131k Kurulu\u015fudur.","publisher":{"@id":"https:\/\/ankaracevre.com\/#organization"},"potentialAction":[{"@type":"SearchAction","target":{"@type":"EntryPoint","urlTemplate":"https:\/\/ankaracevre.com\/?s={search_term_string}"},"query-input":"required name=search_term_string"}],"inLanguage":"tr"},{"@type":"Organization","@id":"https:\/\/ankaracevre.com\/#organization","name":"Sien \u00c7evre Dan\u0131\u015fmanl\u0131k","url":"https:\/\/ankaracevre.com\/","logo":{"@type":"ImageObject","inLanguage":"tr","@id":"https:\/\/ankaracevre.com\/#\/schema\/logo\/image\/","url":"https:\/\/ankaracevre.com\/wp-content\/uploads\/2018\/08\/sien-ikon.png","contentUrl":"https:\/\/ankaracevre.com\/wp-content\/uploads\/2018\/08\/sien-ikon.png","width":80,"height":93,"caption":"Sien \u00c7evre Dan\u0131\u015fmanl\u0131k"},"image":{"@id":"https:\/\/ankaracevre.com\/#\/schema\/logo\/image\/"},"sameAs":["https:\/\/www.linkedin.com\/in\/sinan-kurban-675aa759\/"]}]}},"_links":{"self":[{"href":"https:\/\/ankaracevre.com\/index.php?rest_route=\/wp\/v2\/pages\/695"}],"collection":[{"href":"https:\/\/ankaracevre.com\/index.php?rest_route=\/wp\/v2\/pages"}],"about":[{"href":"https:\/\/ankaracevre.com\/index.php?rest_route=\/wp\/v2\/types\/page"}],"author":[{"embeddable":true,"href":"https:\/\/ankaracevre.com\/index.php?rest_route=\/wp\/v2\/users\/1"}],"replies":[{"embeddable":true,"href":"https:\/\/ankaracevre.com\/index.php?rest_route=%2Fwp%2Fv2%2Fcomments&post=695"}],"version-history":[{"count":21,"href":"https:\/\/ankaracevre.com\/index.php?rest_route=\/wp\/v2\/pages\/695\/revisions"}],"predecessor-version":[{"id":2046,"href":"https:\/\/ankaracevre.com\/index.php?rest_route=\/wp\/v2\/pages\/695\/revisions\/2046"}],"wp:attachment":[{"href":"https:\/\/ankaracevre.com\/index.php?rest_route=%2Fwp%2Fv2%2Fmedia&parent=695"}],"curies":[{"name":"wp","href":"https:\/\/api.w.org\/{rel}","templated":true}]}}