{"id":22,"date":"2018-08-04T14:13:09","date_gmt":"2018-08-04T11:13:09","guid":{"rendered":"https:\/\/demo.sien.com.tr\/?page_id=22"},"modified":"2022-07-05T13:36:54","modified_gmt":"2022-07-05T10:36:54","slug":"muhendislik-ve-danismanlik","status":"publish","type":"page","link":"https:\/\/ankaracevre.com\/?page_id=22","title":{"rendered":"M\u00fchendislik ve Dan\u0131\u015fmanl\u0131k"},"content":{"rendered":"<div><u>&#8211; <strong>\u00c7evre Dan\u0131\u015fmanl\u0131k<\/strong> Hizmetleri,<\/u><\/div>\n<div><\/div>\n<div><a href=\"https:\/\/ankaracevre.com\/iletisim\"><u>&#8211; \u0130\u015f Sa\u011fl\u0131\u011f\u0131 ve G\u00fcvenli\u011fi Mevzuat\u0131 Dan\u0131\u015fmanl\u0131k Hizmetleri,<\/u><\/a><\/div>\n<div><\/div>\n<div><a href=\"https:\/\/ankaracevre.com\/iletisim\"><u>&#8211; Jeolojik-Hidrojeolojik Et\u00fctler,<\/u><\/a><\/div>\n<div><\/div>\n<div><a href=\"https:\/\/ankaracevre.com\/iletisim\"><u>&#8211; Su, At\u0131ksu Ar\u0131tma, Altyap\u0131 \u00dcst Yap\u0131 Projeleri,<\/u><\/a><\/div>\n<div><\/div>\n<div><a href=\"https:\/\/ankaracevre.com\/iletisim\"><u>&#8211; Maden Mevzuat\u0131 Dan\u0131\u015fmanl\u0131k Hizmetleri,<\/u><\/a><\/div>\n<div><\/div>\n<div><a href=\"https:\/\/ankaracevre.com\/iletisim\"><u>&#8211; Maden Arama Ruhsatlar\u0131,<\/u><\/a><\/div>\n<div><\/div>\n<div><a href=\"https:\/\/ankaracevre.com\/iletisim\"><u>&#8211; Maden \u0130\u015fletme Ruhsatlar\u0131,<\/u><\/a><\/div>\n<div><\/div>\n<div><a href=\"https:\/\/ankaracevre.com\/iletisim\"><u>&#8211; \u0130\u015f Yeri A\u00e7ma \u00c7al\u0131\u015fma Ruhsatlar\u0131(GSM),<\/u><\/a><\/div>\n<div><\/div>\n<div><a href=\"https:\/\/ankaracevre.com\/iletisim\"><u>&#8211; Maden \u0130\u015fletme \u0130zinleri.<\/u><\/a><\/div>\n<div><\/div>\n<div><a href=\"https:\/\/ankaracevre.com\/iletisim\"><u>&#8211; Sera Gaz\u0131 Dan\u0131\u015fmanl\u0131k Hizmetleri<\/u><\/a><\/div>\n<div><\/div>\n<div><a href=\"https:\/\/ankaracevre.com\/iletisim\">-Orman \u0130zinleri<\/a><\/div>\n","protected":false},"excerpt":{"rendered":"<p>&#8211; \u00c7evre Dan\u0131\u015fmanl\u0131k Hizmetleri, &#8211; \u0130\u015f Sa\u011fl\u0131\u011f\u0131 ve G\u00fcvenli\u011fi Mevzuat\u0131 Dan\u0131\u015fmanl\u0131k Hizmetleri, &#8211; Jeolojik-Hidrojeolojik Et\u00fctler, &#8211; Su, At\u0131ksu Ar\u0131tma, Altyap\u0131 \u00dcst Yap\u0131 Projeleri, &#8211; Maden Mevzuat\u0131 Dan\u0131\u015fmanl\u0131k Hizmetleri, &#8211; Maden Arama Ruhsatlar\u0131, &#8211; Maden \u0130\u015fletme Ruhsatlar\u0131, &#8211; \u0130\u015f Yeri A\u00e7ma \u00c7al\u0131\u015fma Ruhsatlar\u0131(GSM), &#8211; Maden \u0130\u015fletme \u0130zinleri. &#8211; Sera Gaz\u0131 Dan\u0131\u015fmanl\u0131k Hizmetleri -Orman \u0130zinleri<\/p>\n","protected":false},"author":1,"featured_media":0,"parent":0,"menu_order":0,"comment_status":"closed","ping_status":"closed","template":"","meta":{"footnotes":""},"yoast_head":"<!-- This site is optimized with the Yoast SEO plugin v20.13 - https:\/\/yoast.com\/wordpress\/plugins\/seo\/ -->\n<title>M\u00fchendislik ve Dan\u0131\u015fmanl\u0131k - Sien \u00c7evre Dan\u0131\u015fmanl\u0131k Hizmetleri<\/title>\n<meta name=\"description\" content=\"M\u00fchendislik ve Dan\u0131\u015fmanl\u0131k hizmeti, Sien \u00c7evre Dan\u0131\u015fmanl\u0131k Hizmeti firmam\u0131zda uzman kadromuz ile firmalar\u0131n\u0131za profesyonel dan\u0131\u015fmanl\u0131k hizmeti sunmaktay\u0131z\" \/>\n<meta name=\"robots\" content=\"index, follow, max-snippet:-1, max-image-preview:large, max-video-preview:-1\" \/>\n<link rel=\"canonical\" href=\"https:\/\/ankaracevre.com\/?page_id=22\" \/>\n<meta property=\"og:locale\" content=\"tr_TR\" \/>\n<meta property=\"og:type\" content=\"article\" \/>\n<meta property=\"og:title\" content=\"M\u00fchendislik ve Dan\u0131\u015fmanl\u0131k - Sien \u00c7evre Dan\u0131\u015fmanl\u0131k Hizmetleri\" \/>\n<meta property=\"og:description\" content=\"M\u00fchendislik ve Dan\u0131\u015fmanl\u0131k hizmeti, Sien \u00c7evre Dan\u0131\u015fmanl\u0131k Hizmeti firmam\u0131zda uzman kadromuz ile firmalar\u0131n\u0131za profesyonel dan\u0131\u015fmanl\u0131k hizmeti sunmaktay\u0131z\" \/>\n<meta property=\"og:url\" content=\"https:\/\/ankaracevre.com\/?page_id=22\" \/>\n<meta property=\"og:site_name\" content=\"\u00c7evre Dan\u0131\u015fmanl\u0131k ve \u00c7ED Raporu - S\u0130EN \u00c7evre\" \/>\n<meta property=\"article:modified_time\" content=\"2022-07-05T10:36:54+00:00\" \/>\n<meta name=\"twitter:card\" content=\"summary_large_image\" \/>\n<script type=\"application\/ld+json\" class=\"yoast-schema-graph\">{\"@context\":\"https:\/\/schema.org\",\"@graph\":[{\"@type\":\"WebPage\",\"@id\":\"https:\/\/ankaracevre.com\/?page_id=22\",\"url\":\"https:\/\/ankaracevre.com\/?page_id=22\",\"name\":\"M\u00fchendislik ve Dan\u0131\u015fmanl\u0131k - Sien \u00c7evre Dan\u0131\u015fmanl\u0131k Hizmetleri\",\"isPartOf\":{\"@id\":\"https:\/\/ankaracevre.com\/#website\"},\"datePublished\":\"2018-08-04T11:13:09+00:00\",\"dateModified\":\"2022-07-05T10:36:54+00:00\",\"description\":\"M\u00fchendislik ve Dan\u0131\u015fmanl\u0131k hizmeti, Sien \u00c7evre Dan\u0131\u015fmanl\u0131k Hizmeti firmam\u0131zda uzman kadromuz ile firmalar\u0131n\u0131za profesyonel dan\u0131\u015fmanl\u0131k hizmeti sunmaktay\u0131z\",\"inLanguage\":\"tr\",\"potentialAction\":[{\"@type\":\"ReadAction\",\"target\":[\"https:\/\/ankaracevre.com\/?page_id=22\"]}]},{\"@type\":\"WebSite\",\"@id\":\"https:\/\/ankaracevre.com\/#website\",\"url\":\"https:\/\/ankaracevre.com\/\",\"name\":\"\u00c7evre Dan\u0131\u015fmanl\u0131k ve \u00c7ED Raporu - S\u0130EN \u00c7evre\",\"description\":\"Sien \u00c7evre Dan\u0131\u015fmanl\u0131k Kurulu\u015fudur.\",\"publisher\":{\"@id\":\"https:\/\/ankaracevre.com\/#organization\"},\"potentialAction\":[{\"@type\":\"SearchAction\",\"target\":{\"@type\":\"EntryPoint\",\"urlTemplate\":\"https:\/\/ankaracevre.com\/?s={search_term_string}\"},\"query-input\":\"required name=search_term_string\"}],\"inLanguage\":\"tr\"},{\"@type\":\"Organization\",\"@id\":\"https:\/\/ankaracevre.com\/#organization\",\"name\":\"Sien \u00c7evre Dan\u0131\u015fmanl\u0131k\",\"url\":\"https:\/\/ankaracevre.com\/\",\"logo\":{\"@type\":\"ImageObject\",\"inLanguage\":\"tr\",\"@id\":\"https:\/\/ankaracevre.com\/#\/schema\/logo\/image\/\",\"url\":\"https:\/\/ankaracevre.com\/wp-content\/uploads\/2018\/08\/sien-ikon.png\",\"contentUrl\":\"https:\/\/ankaracevre.com\/wp-content\/uploads\/2018\/08\/sien-ikon.png\",\"width\":80,\"height\":93,\"caption\":\"Sien \u00c7evre Dan\u0131\u015fmanl\u0131k\"},\"image\":{\"@id\":\"https:\/\/ankaracevre.com\/#\/schema\/logo\/image\/\"},\"sameAs\":[\"https:\/\/www.linkedin.com\/in\/sinan-kurban-675aa759\/\"]}]}<\/script>\n<!-- \/ Yoast SEO plugin. -->","yoast_head_json":{"title":"M\u00fchendislik ve Dan\u0131\u015fmanl\u0131k - Sien \u00c7evre Dan\u0131\u015fmanl\u0131k Hizmetleri","description":"M\u00fchendislik ve Dan\u0131\u015fmanl\u0131k hizmeti, Sien \u00c7evre Dan\u0131\u015fmanl\u0131k Hizmeti firmam\u0131zda uzman kadromuz ile firmalar\u0131n\u0131za profesyonel dan\u0131\u015fmanl\u0131k hizmeti sunmaktay\u0131z","robots":{"index":"index","follow":"follow","max-snippet":"max-snippet:-1","max-image-preview":"max-image-preview:large","max-video-preview":"max-video-preview:-1"},"canonical":"https:\/\/ankaracevre.com\/?page_id=22","og_locale":"tr_TR","og_type":"article","og_title":"M\u00fchendislik ve Dan\u0131\u015fmanl\u0131k - Sien \u00c7evre Dan\u0131\u015fmanl\u0131k Hizmetleri","og_description":"M\u00fchendislik ve Dan\u0131\u015fmanl\u0131k hizmeti, Sien \u00c7evre Dan\u0131\u015fmanl\u0131k Hizmeti firmam\u0131zda uzman kadromuz ile firmalar\u0131n\u0131za profesyonel dan\u0131\u015fmanl\u0131k hizmeti sunmaktay\u0131z","og_url":"https:\/\/ankaracevre.com\/?page_id=22","og_site_name":"\u00c7evre Dan\u0131\u015fmanl\u0131k ve \u00c7ED Raporu - S\u0130EN \u00c7evre","article_modified_time":"2022-07-05T10:36:54+00:00","twitter_card":"summary_large_image","schema":{"@context":"https:\/\/schema.org","@graph":[{"@type":"WebPage","@id":"https:\/\/ankaracevre.com\/?page_id=22","url":"https:\/\/ankaracevre.com\/?page_id=22","name":"M\u00fchendislik ve Dan\u0131\u015fmanl\u0131k - Sien \u00c7evre Dan\u0131\u015fmanl\u0131k Hizmetleri","isPartOf":{"@id":"https:\/\/ankaracevre.com\/#website"},"datePublished":"2018-08-04T11:13:09+00:00","dateModified":"2022-07-05T10:36:54+00:00","description":"M\u00fchendislik ve Dan\u0131\u015fmanl\u0131k hizmeti, Sien \u00c7evre Dan\u0131\u015fmanl\u0131k Hizmeti firmam\u0131zda uzman kadromuz ile firmalar\u0131n\u0131za profesyonel dan\u0131\u015fmanl\u0131k hizmeti sunmaktay\u0131z","inLanguage":"tr","potentialAction":[{"@type":"ReadAction","target":["https:\/\/ankaracevre.com\/?page_id=22"]}]},{"@type":"WebSite","@id":"https:\/\/ankaracevre.com\/#website","url":"https:\/\/ankaracevre.com\/","name":"\u00c7evre Dan\u0131\u015fmanl\u0131k ve \u00c7ED Raporu - S\u0130EN \u00c7evre","description":"Sien \u00c7evre Dan\u0131\u015fmanl\u0131k Kurulu\u015fudur.","publisher":{"@id":"https:\/\/ankaracevre.com\/#organization"},"potentialAction":[{"@type":"SearchAction","target":{"@type":"EntryPoint","urlTemplate":"https:\/\/ankaracevre.com\/?s={search_term_string}"},"query-input":"required name=search_term_string"}],"inLanguage":"tr"},{"@type":"Organization","@id":"https:\/\/ankaracevre.com\/#organization","name":"Sien \u00c7evre Dan\u0131\u015fmanl\u0131k","url":"https:\/\/ankaracevre.com\/","logo":{"@type":"ImageObject","inLanguage":"tr","@id":"https:\/\/ankaracevre.com\/#\/schema\/logo\/image\/","url":"https:\/\/ankaracevre.com\/wp-content\/uploads\/2018\/08\/sien-ikon.png","contentUrl":"https:\/\/ankaracevre.com\/wp-content\/uploads\/2018\/08\/sien-ikon.png","width":80,"height":93,"caption":"Sien \u00c7evre Dan\u0131\u015fmanl\u0131k"},"image":{"@id":"https:\/\/ankaracevre.com\/#\/schema\/logo\/image\/"},"sameAs":["https:\/\/www.linkedin.com\/in\/sinan-kurban-675aa759\/"]}]}},"_links":{"self":[{"href":"https:\/\/ankaracevre.com\/index.php?rest_route=\/wp\/v2\/pages\/22"}],"collection":[{"href":"https:\/\/ankaracevre.com\/index.php?rest_route=\/wp\/v2\/pages"}],"about":[{"href":"https:\/\/ankaracevre.com\/index.php?rest_route=\/wp\/v2\/types\/page"}],"author":[{"embeddable":true,"href":"https:\/\/ankaracevre.com\/index.php?rest_route=\/wp\/v2\/users\/1"}],"replies":[{"embeddable":true,"href":"https:\/\/ankaracevre.com\/index.php?rest_route=%2Fwp%2Fv2%2Fcomments&post=22"}],"version-history":[{"count":4,"href":"https:\/\/ankaracevre.com\/index.php?rest_route=\/wp\/v2\/pages\/22\/revisions"}],"predecessor-version":[{"id":1863,"href":"https:\/\/ankaracevre.com\/index.php?rest_route=\/wp\/v2\/pages\/22\/revisions\/1863"}],"wp:attachment":[{"href":"https:\/\/ankaracevre.com\/index.php?rest_route=%2Fwp%2Fv2%2Fmedia&parent=22"}],"curies":[{"name":"wp","href":"https:\/\/api.w.org\/{rel}","templated":true}]}}