{"id":20,"date":"2018-08-04T14:10:30","date_gmt":"2018-08-04T11:10:30","guid":{"rendered":"https:\/\/demo.sien.com.tr\/?page_id=20"},"modified":"2022-07-05T13:38:54","modified_gmt":"2022-07-05T10:38:54","slug":"olcum-ve-raporlandirma","status":"publish","type":"page","link":"https:\/\/ankaracevre.com\/?page_id=20","title":{"rendered":"\u00d6l\u00e7\u00fcm ve Raporland\u0131rma"},"content":{"rendered":"<div><a href=\"https:\/\/ankaracevre.com\/iletisim\"><u>&#8211; Emisyon \u00d6l\u00e7\u00fcmleri ve Modelleme \u00c7al\u0131\u015fmalar\u0131,<\/u><\/a><\/div>\n<div><\/div>\n<div><a href=\"https:\/\/ankaracevre.com\/iletisim\"><u>&#8211; Akustik G\u00fcr\u00fclt\u00fc \u00d6l\u00e7\u00fcmleri ve Modelleme \u00c7al\u0131\u015fmalar\u0131,<\/u><\/a><\/div>\n<div><\/div>\n<div><a href=\"https:\/\/ankaracevre.com\/iletisim\"><u>&#8211; Titre\u015fim \u00d6l\u00e7\u00fcmleri,<\/u><\/a><\/div>\n<div><\/div>\n<div><a href=\"https:\/\/ankaracevre.com\/iletisim\"><u>&#8211; \u0130S\u0130G (\u0130\u015f Sa\u011fl\u0131\u011f\u0131 ve \u0130\u015f G\u00fcvenli\u011fi) \u00d6l\u00e7\u00fcmleri;<\/u><\/a><\/div>\n<div><\/div>\n<div><a href=\"https:\/\/ankaracevre.com\/iletisim\">\u00a0\u00a0\u00a0\u00a0 &#8211; Ki\u015fisel G\u00fcr\u00fclt\u00fc \u00d6l\u00e7\u00fcmleri ve Raporland\u0131r\u0131lmas\u0131,<\/a><\/div>\n<div><\/div>\n<div><a href=\"https:\/\/ankaracevre.com\/iletisim\">\u00a0\u00a0\u00a0\u00a0 &#8211; \u0130\u00e7 Ortam G\u00fcr\u00fclt\u00fc \u00d6l\u00e7\u00fcmleri, Haritaland\u0131rma \u00c7al\u0131\u015fmalar\u0131 ve Raporland\u0131r\u0131lmas\u0131,<\/a><\/div>\n<div><\/div>\n<div><a href=\"https:\/\/ankaracevre.com\/iletisim\">\u00a0\u00a0\u00a0\u00a0 &#8211; Ki\u015fisel Titre\u015fim \u00d6l\u00e7\u00fcmleri ve Raporland\u0131r\u0131lmas\u0131,<\/a><\/div>\n<div><\/div>\n<div><a href=\"https:\/\/ankaracevre.com\/iletisim\">\u00a0\u00a0\u00a0\u00a0 &#8211; Zemin Titre\u015fim \u00d6l\u00e7\u00fcmleri ve Raporland\u0131r\u0131lmas\u0131,<\/a><\/div>\n<div><\/div>\n<div><a href=\"https:\/\/ankaracevre.com\/iletisim\">\u00a0\u00a0\u00a0\u00a0 &#8211; \u0130\u00e7 Ortam S\u0131cakl\u0131k, Nem \u00d6l\u00e7\u00fcmleri(Termal Konfor \u00d6l\u00e7\u00fcmleri) ve Raporland\u0131r\u0131lmas\u0131,<\/a><\/div>\n<div><\/div>\n<div><a href=\"https:\/\/ankaracevre.com\/iletisim\">\u00a0\u00a0\u00a0\u00a0 &#8211; Ki\u015fisel Toz \u00d6l\u00e7\u00fcmleri ve Raporland\u0131r\u0131lmas\u0131,<\/a><\/div>\n<div><\/div>\n<div><a href=\"https:\/\/ankaracevre.com\/iletisim\">\u00a0\u00a0\u00a0\u00a0 &#8211; \u0130\u00e7 Ortam Toz \u00d6l\u00e7\u00fcmleri ve Raporland\u0131r\u0131lmas\u0131,<\/a><\/div>\n<div><\/div>\n<div><a href=\"https:\/\/ankaracevre.com\/iletisim\">\u00a0\u00a0\u00a0\u00a0 &#8211; \u0130\u00e7 Ortam Kimyasal Madde \u00d6l\u00e7\u00fcmleri ve Raporland\u0131r\u0131lmas\u0131,<\/a><\/div>\n<div><\/div>\n<div><a href=\"https:\/\/ankaracevre.com\/iletisim\">\u00a0\u00a0\u00a0\u00a0 &#8211; Hava Ak\u0131m H\u0131z \u00d6l\u00e7\u00fcmleri ve Raporland\u0131r\u0131lmas\u0131,<\/a><\/div>\n<div><\/div>\n<div><a href=\"https:\/\/ankaracevre.com\/iletisim\"><u>&#8211; Risk Analizleri, Acil Eylem Planlar\u0131 ve Konusu ile ilgili E\u011fitimler<\/u><\/a><\/div>\n","protected":false},"excerpt":{"rendered":"<p>&#8211; Emisyon \u00d6l\u00e7\u00fcmleri ve Modelleme \u00c7al\u0131\u015fmalar\u0131, &#8211; Akustik G\u00fcr\u00fclt\u00fc \u00d6l\u00e7\u00fcmleri ve Modelleme \u00c7al\u0131\u015fmalar\u0131, &#8211; Titre\u015fim \u00d6l\u00e7\u00fcmleri, &#8211; \u0130S\u0130G (\u0130\u015f Sa\u011fl\u0131\u011f\u0131 ve \u0130\u015f G\u00fcvenli\u011fi) \u00d6l\u00e7\u00fcmleri; \u00a0\u00a0\u00a0\u00a0 &#8211; Ki\u015fisel G\u00fcr\u00fclt\u00fc \u00d6l\u00e7\u00fcmleri ve Raporland\u0131r\u0131lmas\u0131, \u00a0\u00a0\u00a0\u00a0 &#8211; \u0130\u00e7 Ortam G\u00fcr\u00fclt\u00fc \u00d6l\u00e7\u00fcmleri, Haritaland\u0131rma \u00c7al\u0131\u015fmalar\u0131 ve Raporland\u0131r\u0131lmas\u0131, \u00a0\u00a0\u00a0\u00a0 &#8211; Ki\u015fisel Titre\u015fim \u00d6l\u00e7\u00fcmleri ve Raporland\u0131r\u0131lmas\u0131, \u00a0\u00a0\u00a0\u00a0 &#8211; Zemin Titre\u015fim \u00d6l\u00e7\u00fcmleri ve Raporland\u0131r\u0131lmas\u0131,<\/p>\n","protected":false},"author":1,"featured_media":0,"parent":0,"menu_order":0,"comment_status":"closed","ping_status":"closed","template":"","meta":{"footnotes":""},"yoast_head":"<!-- This site is optimized with the Yoast SEO plugin v20.13 - https:\/\/yoast.com\/wordpress\/plugins\/seo\/ -->\n<title>\u00d6l\u00e7\u00fcm ve Raporland\u0131rma - Sien \u00c7evre Dan\u0131\u015fmanl\u0131k Hizmetleri<\/title>\n<meta name=\"description\" content=\"\u00d6l\u00e7\u00fcm ve Raporland\u0131rma i\u015flemleriniz Sien \u00c7evre Dan\u0131\u015fmanl\u0131k b\u00fcnyesinde uzman m\u00fchendis ekipleri tarf\u0131ndan profesyonel bir \u015fekilde yap\u0131lmaktad\u0131r.\" \/>\n<meta name=\"robots\" content=\"index, follow, max-snippet:-1, max-image-preview:large, max-video-preview:-1\" \/>\n<link rel=\"canonical\" href=\"https:\/\/ankaracevre.com\/?page_id=20\" \/>\n<meta property=\"og:locale\" content=\"tr_TR\" \/>\n<meta property=\"og:type\" content=\"article\" \/>\n<meta property=\"og:title\" content=\"\u00d6l\u00e7\u00fcm ve Raporland\u0131rma - Sien \u00c7evre Dan\u0131\u015fmanl\u0131k Hizmetleri\" \/>\n<meta property=\"og:description\" content=\"\u00d6l\u00e7\u00fcm ve Raporland\u0131rma i\u015flemleriniz Sien \u00c7evre Dan\u0131\u015fmanl\u0131k b\u00fcnyesinde uzman m\u00fchendis ekipleri tarf\u0131ndan profesyonel bir \u015fekilde yap\u0131lmaktad\u0131r.\" \/>\n<meta property=\"og:url\" content=\"https:\/\/ankaracevre.com\/?page_id=20\" \/>\n<meta property=\"og:site_name\" content=\"\u00c7evre Dan\u0131\u015fmanl\u0131k ve \u00c7ED Raporu - S\u0130EN \u00c7evre\" \/>\n<meta property=\"article:modified_time\" content=\"2022-07-05T10:38:54+00:00\" \/>\n<meta name=\"twitter:card\" content=\"summary_large_image\" \/>\n<meta name=\"twitter:label1\" content=\"Tahmini okuma s\u00fcresi\" \/>\n\t<meta name=\"twitter:data1\" content=\"1 dakika\" \/>\n<script type=\"application\/ld+json\" class=\"yoast-schema-graph\">{\"@context\":\"https:\/\/schema.org\",\"@graph\":[{\"@type\":\"WebPage\",\"@id\":\"https:\/\/ankaracevre.com\/?page_id=20\",\"url\":\"https:\/\/ankaracevre.com\/?page_id=20\",\"name\":\"\u00d6l\u00e7\u00fcm ve Raporland\u0131rma - Sien \u00c7evre Dan\u0131\u015fmanl\u0131k Hizmetleri\",\"isPartOf\":{\"@id\":\"https:\/\/ankaracevre.com\/#website\"},\"datePublished\":\"2018-08-04T11:10:30+00:00\",\"dateModified\":\"2022-07-05T10:38:54+00:00\",\"description\":\"\u00d6l\u00e7\u00fcm ve Raporland\u0131rma i\u015flemleriniz Sien \u00c7evre Dan\u0131\u015fmanl\u0131k b\u00fcnyesinde uzman m\u00fchendis ekipleri tarf\u0131ndan profesyonel bir \u015fekilde yap\u0131lmaktad\u0131r.\",\"inLanguage\":\"tr\",\"potentialAction\":[{\"@type\":\"ReadAction\",\"target\":[\"https:\/\/ankaracevre.com\/?page_id=20\"]}]},{\"@type\":\"WebSite\",\"@id\":\"https:\/\/ankaracevre.com\/#website\",\"url\":\"https:\/\/ankaracevre.com\/\",\"name\":\"\u00c7evre Dan\u0131\u015fmanl\u0131k ve \u00c7ED Raporu - S\u0130EN \u00c7evre\",\"description\":\"Sien \u00c7evre Dan\u0131\u015fmanl\u0131k Kurulu\u015fudur.\",\"publisher\":{\"@id\":\"https:\/\/ankaracevre.com\/#organization\"},\"potentialAction\":[{\"@type\":\"SearchAction\",\"target\":{\"@type\":\"EntryPoint\",\"urlTemplate\":\"https:\/\/ankaracevre.com\/?s={search_term_string}\"},\"query-input\":\"required name=search_term_string\"}],\"inLanguage\":\"tr\"},{\"@type\":\"Organization\",\"@id\":\"https:\/\/ankaracevre.com\/#organization\",\"name\":\"Sien \u00c7evre Dan\u0131\u015fmanl\u0131k\",\"url\":\"https:\/\/ankaracevre.com\/\",\"logo\":{\"@type\":\"ImageObject\",\"inLanguage\":\"tr\",\"@id\":\"https:\/\/ankaracevre.com\/#\/schema\/logo\/image\/\",\"url\":\"https:\/\/ankaracevre.com\/wp-content\/uploads\/2018\/08\/sien-ikon.png\",\"contentUrl\":\"https:\/\/ankaracevre.com\/wp-content\/uploads\/2018\/08\/sien-ikon.png\",\"width\":80,\"height\":93,\"caption\":\"Sien \u00c7evre Dan\u0131\u015fmanl\u0131k\"},\"image\":{\"@id\":\"https:\/\/ankaracevre.com\/#\/schema\/logo\/image\/\"},\"sameAs\":[\"https:\/\/www.linkedin.com\/in\/sinan-kurban-675aa759\/\"]}]}<\/script>\n<!-- \/ Yoast SEO plugin. -->","yoast_head_json":{"title":"\u00d6l\u00e7\u00fcm ve Raporland\u0131rma - Sien \u00c7evre Dan\u0131\u015fmanl\u0131k Hizmetleri","description":"\u00d6l\u00e7\u00fcm ve Raporland\u0131rma i\u015flemleriniz Sien \u00c7evre Dan\u0131\u015fmanl\u0131k b\u00fcnyesinde uzman m\u00fchendis ekipleri tarf\u0131ndan profesyonel bir \u015fekilde yap\u0131lmaktad\u0131r.","robots":{"index":"index","follow":"follow","max-snippet":"max-snippet:-1","max-image-preview":"max-image-preview:large","max-video-preview":"max-video-preview:-1"},"canonical":"https:\/\/ankaracevre.com\/?page_id=20","og_locale":"tr_TR","og_type":"article","og_title":"\u00d6l\u00e7\u00fcm ve Raporland\u0131rma - Sien \u00c7evre Dan\u0131\u015fmanl\u0131k Hizmetleri","og_description":"\u00d6l\u00e7\u00fcm ve Raporland\u0131rma i\u015flemleriniz Sien \u00c7evre Dan\u0131\u015fmanl\u0131k b\u00fcnyesinde uzman m\u00fchendis ekipleri tarf\u0131ndan profesyonel bir \u015fekilde yap\u0131lmaktad\u0131r.","og_url":"https:\/\/ankaracevre.com\/?page_id=20","og_site_name":"\u00c7evre Dan\u0131\u015fmanl\u0131k ve \u00c7ED Raporu - S\u0130EN \u00c7evre","article_modified_time":"2022-07-05T10:38:54+00:00","twitter_card":"summary_large_image","twitter_misc":{"Tahmini okuma s\u00fcresi":"1 dakika"},"schema":{"@context":"https:\/\/schema.org","@graph":[{"@type":"WebPage","@id":"https:\/\/ankaracevre.com\/?page_id=20","url":"https:\/\/ankaracevre.com\/?page_id=20","name":"\u00d6l\u00e7\u00fcm ve Raporland\u0131rma - Sien \u00c7evre Dan\u0131\u015fmanl\u0131k Hizmetleri","isPartOf":{"@id":"https:\/\/ankaracevre.com\/#website"},"datePublished":"2018-08-04T11:10:30+00:00","dateModified":"2022-07-05T10:38:54+00:00","description":"\u00d6l\u00e7\u00fcm ve Raporland\u0131rma i\u015flemleriniz Sien \u00c7evre Dan\u0131\u015fmanl\u0131k b\u00fcnyesinde uzman m\u00fchendis ekipleri tarf\u0131ndan profesyonel bir \u015fekilde yap\u0131lmaktad\u0131r.","inLanguage":"tr","potentialAction":[{"@type":"ReadAction","target":["https:\/\/ankaracevre.com\/?page_id=20"]}]},{"@type":"WebSite","@id":"https:\/\/ankaracevre.com\/#website","url":"https:\/\/ankaracevre.com\/","name":"\u00c7evre Dan\u0131\u015fmanl\u0131k ve \u00c7ED Raporu - S\u0130EN \u00c7evre","description":"Sien \u00c7evre Dan\u0131\u015fmanl\u0131k Kurulu\u015fudur.","publisher":{"@id":"https:\/\/ankaracevre.com\/#organization"},"potentialAction":[{"@type":"SearchAction","target":{"@type":"EntryPoint","urlTemplate":"https:\/\/ankaracevre.com\/?s={search_term_string}"},"query-input":"required name=search_term_string"}],"inLanguage":"tr"},{"@type":"Organization","@id":"https:\/\/ankaracevre.com\/#organization","name":"Sien \u00c7evre Dan\u0131\u015fmanl\u0131k","url":"https:\/\/ankaracevre.com\/","logo":{"@type":"ImageObject","inLanguage":"tr","@id":"https:\/\/ankaracevre.com\/#\/schema\/logo\/image\/","url":"https:\/\/ankaracevre.com\/wp-content\/uploads\/2018\/08\/sien-ikon.png","contentUrl":"https:\/\/ankaracevre.com\/wp-content\/uploads\/2018\/08\/sien-ikon.png","width":80,"height":93,"caption":"Sien \u00c7evre Dan\u0131\u015fmanl\u0131k"},"image":{"@id":"https:\/\/ankaracevre.com\/#\/schema\/logo\/image\/"},"sameAs":["https:\/\/www.linkedin.com\/in\/sinan-kurban-675aa759\/"]}]}},"_links":{"self":[{"href":"https:\/\/ankaracevre.com\/index.php?rest_route=\/wp\/v2\/pages\/20"}],"collection":[{"href":"https:\/\/ankaracevre.com\/index.php?rest_route=\/wp\/v2\/pages"}],"about":[{"href":"https:\/\/ankaracevre.com\/index.php?rest_route=\/wp\/v2\/types\/page"}],"author":[{"embeddable":true,"href":"https:\/\/ankaracevre.com\/index.php?rest_route=\/wp\/v2\/users\/1"}],"replies":[{"embeddable":true,"href":"https:\/\/ankaracevre.com\/index.php?rest_route=%2Fwp%2Fv2%2Fcomments&post=20"}],"version-history":[{"count":3,"href":"https:\/\/ankaracevre.com\/index.php?rest_route=\/wp\/v2\/pages\/20\/revisions"}],"predecessor-version":[{"id":2011,"href":"https:\/\/ankaracevre.com\/index.php?rest_route=\/wp\/v2\/pages\/20\/revisions\/2011"}],"wp:attachment":[{"href":"https:\/\/ankaracevre.com\/index.php?rest_route=%2Fwp%2Fv2%2Fmedia&parent=20"}],"curies":[{"name":"wp","href":"https:\/\/api.w.org\/{rel}","templated":true}]}}