{"id":18,"date":"2018-08-04T13:56:02","date_gmt":"2018-08-04T10:56:02","guid":{"rendered":"https:\/\/demo.sien.com.tr\/?page_id=18"},"modified":"2022-08-17T09:13:57","modified_gmt":"2022-08-17T06:13:57","slug":"cevre-danismanlik-hizmetleri-2","status":"publish","type":"page","link":"https:\/\/ankaracevre.com\/?page_id=18","title":{"rendered":"\u00c7evresel Etki De\u011ferlendirme"},"content":{"rendered":"<h1><img loading=\"lazy\" decoding=\"async\" class=\" wp-image-1957 alignright\" src=\"https:\/\/ankaracevre.com\/wp-content\/uploads\/2022\/06\/IMG_20210421_124247-570x380.jpg\" alt=\"\" width=\"605\" height=\"403\" \/><\/h1>\n<h1>\u00c7evresel Etki De\u011ferlendirme<\/h1>\n<div>\n<p style=\"text-align: left;\"><strong>\u00c7evresel Etki De\u011ferlendirmesi\u00a0\u00c7ED Raporu<\/strong>, hayata ge\u00e7irilmesi planlanan projelerin \u00e7evreye olabilecek olumlu ve olumsuz etkilerinin belirlenmesinde, olumsuz etkilerin \u00e7evreye en az seviyede zarar verecek boyuta indirilmesi veya tamamen \u00f6nlenmesi, proje i\u00e7in se\u00e7ilen lokasyon ve teknoloji alternatiflerinin belirlenmesi ve projelerin uygulanmas\u0131n\u0131n izlenmesi ve kontrol\u00fcnde s\u00fcrd\u00fcr\u00fclecek \u00e7al\u0131\u015fmalar\u0131n tamam\u0131na verilen isimdir.<\/p>\n<h2>\u00c7ED Raporu Hakk\u0131nda<\/h2>\n<p style=\"text-align: left;\"><strong>\u00c7evresel Etki De\u011ferlendirmesi<\/strong>, \u00fclkemizde ilk olarak 1993 y\u0131l\u0131nda yay\u0131mlanan \u201c\u00c7evresel Etki De\u011ferlendirmesi Y\u00f6netmeli\u011fi\u201d ile resmi anlam kazanm\u0131\u015ft\u0131r. 1993 y\u0131l\u0131ndan g\u00fcn\u00fcm\u00fcze kadar bir \u00e7ok defa revizyona u\u011fram\u0131\u015ft\u0131r. Hali haz\u0131rda y\u00fcr\u00fcrl\u00fckte olan \u201c<strong>\u00c7ED<\/strong> Y\u00f6netmeli\u011fi\u201d g\u00fcn\u00fcm\u00fczdeki formunu kazanm\u0131\u015ft\u0131r.<\/p>\n<p style=\"text-align: left;\">Ger\u00e7ekle\u015ftirilmesi planlanan faaliyetlerin <strong>\u00c7ED<\/strong> Y\u00f6netmeli\u011fi\u2019ne tabi olup olmad\u0131\u011f\u0131, faaliyetin konusu ve kapasitesi dikkate al\u0131narak ve y\u00f6netmelik Ek-1 ve Ek-2 listelerinde yer al\u0131p almad\u0131\u011f\u0131na g\u00f6re yap\u0131lan de\u011ferlendirme ile ortaya koyulmaktad\u0131r.<\/p>\n<p style=\"text-align: left;\"><strong>\u00c7ED<\/strong> Y\u00f6netmeli\u011fine tabi olan projeler i\u00e7in mevcut <strong>\u00c7ED<\/strong> s\u00fcreci a\u015famalar\u0131 Y\u00f6netmelik eklerine g\u00f6re belirlenmektedir. Ek-1 listesinde yer alan projeler ile Ek-2 listesinde yer alan projelere uygulanan <strong>\u00c7ED<\/strong>\u00a0s\u00fcreci birbirlerinden detay ve kapsam olarak k\u0131smen ayr\u0131d\u0131r.<\/p>\n<p style=\"text-align: left;\">Ek-1 listesinde yer alan projelerin \u00c7ED s\u00fcre\u00e7leri \u00c7evre ve \u015eehircilik Bakanl\u0131\u011f\u0131\u2019nda y\u00fcr\u00fct\u00fcl\u00fcr, Ek-2 listesinde yer alan projelerin <strong>\u00c7ED<\/strong> s\u00fcre\u00e7leri \u00c7evre ve \u015eehircilik \u0130l M\u00fcd\u00fcrl\u00fcklerinde y\u00fcr\u00fct\u00fcl\u00fcr.<\/p>\n<p style=\"text-align: left;\"><strong>\u00c7ED<\/strong> s\u00fcreci a\u015famalar\u0131n\u0131n ger\u00e7ekle\u015ftirilmesi, \u00e7evresel etkilerin irdelenmesi ve olumsuz etkilere y\u00f6nelik al\u0131nacak \u00f6nlemlerin belirlenmesi ve \u00c7ED Raporu veya Proje Tan\u0131t\u0131m Dosyas\u0131\u2019n\u0131n haz\u0131rlanmas\u0131 i\u015f ve i\u015flemleri, \u00c7evre ve \u015eehircilik Bakanl\u0131\u011f\u0131\u2019ndan <strong>\u00c7ED<\/strong> Yeterli\u011fi alm\u0131\u015f olan firmalarca ger\u00e7ekle\u015ftirilmektedir. \u00c7ED Yeterlik sahibi olmayan hi\u00e7bir firma ve kurum\/kurulu\u015f \u00c7ED Raporu ve Proje Tan\u0131t\u0131m Dosyas\u0131 haz\u0131rlayarak yetkili mercilere sunamaz. <strong><span style=\"color: #ffffff;\"><a style=\"color: #ffffff;\" href=\"https:\/\/www.ankaracevre.com\">\u00e7ed raporu<\/a><\/span><\/strong><\/p>\n<h4>Proje Tan\u0131t\u0131m Dosyas\u0131 Haz\u0131rlama ve Sunum<\/h4>\n<p>\u00c7ED Y\u00f6netmeli\u011fi Ek-2 listesinde yer alan projelerin <strong>\u00c7ED<\/strong> s\u00fcre\u00e7leri, anla\u015fma sa\u011flanm\u0131\u015f ve noter kanad\u0131 ile vekaletname verilmi\u015f <strong>\u00c7ED<\/strong> Yeterlik sahibi firma personelinin projenin ger\u00e7ekle\u015ftirilece\u011fi alana giderek arazi et\u00fct \u00e7al\u0131\u015fmalar\u0131 yapmas\u0131 ile ba\u015flar. Arazi et\u00fct \u00e7al\u0131\u015fmalar\u0131n\u0131n yap\u0131laca\u011f\u0131 tarihe ili\u015fkin \u00c7evre, \u015eehircilik ve \u0130klim De\u011fi\u015fikli\u011fi \u0130l M\u00fcd\u00fcrl\u00fc\u011f\u00fc\u2019ne resmi yaz\u0131 ile bildirilir. \u00c7evre, \u015eehircilik ve \u0130klim De\u011fi\u015fikli\u011fi \u0130l M\u00fcd\u00fcrl\u00fc\u011f\u00fc personeli gerekli g\u00f6rd\u00fc\u011f\u00fc takdirde arazi et\u00fct \u00e7al\u0131\u015fmalar\u0131na kat\u0131l\u0131m sa\u011flar. \u00a0<strong><span style=\"color: #ffffff;\"><a style=\"color: #ffffff;\" href=\"https:\/\/www.ankaracevre.com\">\u00e7ed raporu<\/a><\/span><\/strong><\/p>\n<p>Arazi et\u00fct \u00e7al\u0131\u015fmalar\u0131ndan sonra <strong>\u00c7ED<\/strong> Yeterlik Belgesi sahibi firma taraf\u0131ndan Proje Tan\u0131t\u0131m Dosyas\u0131 haz\u0131rlan\u0131r. Proje Tan\u0131t\u0131m Dosyas\u0131 i\u00e7erisinde ger\u00e7ekle\u015ftirilecek faaliyete ait detayl\u0131 bilgilerin yan\u0131 s\u0131ra faaliyetten kaynaklanacak \u00e7evresel etkilerin de\u011ferlendirmesi yer al\u0131r. Ayn\u0131 zamanda, olumsuz \u00e7evresel etkilere kar\u015f\u0131 al\u0131nacak olan \u00f6nlemler belirlenir. \u00c7ED Y\u00f6netmeli\u011fi Ek-4\u2019\u00fcnde belirtilen formata g\u00f6re haz\u0131rlanan Proje Tan\u0131t\u0131m Dosyas\u0131, \u00e7evrimi\u00e7i sistem \u00fczerinden \u00c7evre, \u015eehircilik ve \u0130klim De\u011fi\u015fikli\u011fi \u0130l M\u00fcd\u00fcrl\u00fc\u011f\u00fc\u2019ne sunulur. \u00c7evre, \u015eehircilik ve \u0130klim De\u011fi\u015fikli\u011fi \u0130l M\u00fcd\u00fcrl\u00fc\u011f\u00fc, haz\u0131rlanan dosyay\u0131 inceler ve gerekli g\u00f6rmesi halinde di\u011fer resmi kurum\/kurulu\u015flardan g\u00f6r\u00fc\u015f talep edebilir. Ayr\u0131ca Proje Tan\u0131t\u0131m Dosyas\u0131na ilave bilgi ve belgelerin eklenmesini talep edebilir. Kurum\/kurulu\u015flara sorulan g\u00f6r\u00fc\u015flerin hepsinin olumlu gelmesi, Proje Tan\u0131t\u0131m Dosyas\u0131\u2019n\u0131n yeterli g\u00f6r\u00fcnmesi halinde \u201c<strong>\u00c7evresel Etki De\u011ferlendirmesi Gerekli De\u011fildir<\/strong>\u201d ya da \u201c<strong>\u00c7evresel Etki De\u011ferlendirmesi Gereklidir<\/strong>\u201d karar\u0131 verilir.<\/p>\n<h4>\u00c7evresel Etki De\u011ferlendirme (\u00c7ED) Raporu Haz\u0131rlama<\/h4>\n<p>\u00c7evresel Etki De\u011ferlendirme Y\u00f6netmeli\u011fi Ek-1 listesinde yer alan projelerin <strong>\u00c7ED<\/strong> s\u00fcre\u00e7lerinde bir arazi et\u00fct \u00e7al\u0131\u015fmas\u0131 yap\u0131laca\u011f\u0131na dair resmi yaz\u0131 yaz\u0131lmas\u0131 ve arazi et\u00fctlerinin yap\u0131lmas\u0131 ile ba\u015flar. Arazi et\u00fcd\u00fc ger\u00e7ekle\u015ftirildikten sonra <strong>\u00c7ED<\/strong> Y\u00f6netmeli\u011fi Ek-3\u2019\u00fcnde yer alan <strong>\u00c7ED<\/strong> Genel Format\u0131 esas al\u0131narak<strong> \u00c7ED<\/strong> Ba\u015fvuru Dosyas\u0131 haz\u0131rlan\u0131r ve \u00e7evrimi\u00e7i sistem \u00fczerinden dosyan\u0131n sunumu ger\u00e7ekle\u015ftirilir. <strong>\u00c7ED<\/strong> Ba\u015fvuru Dosyas\u0131n\u0131n sunumu s\u0131ras\u0131nda, dosyaya ek olarak yat\u0131r\u0131mc\u0131 firman\u0131n <strong>\u00c7ED<\/strong> Ba\u015fvuru Dosyas\u0131n\u0131 haz\u0131rlayan firmaya noter kanad\u0131 ile verdi\u011fi vek\u00e2letname ve imza sirk\u00fclerinin bulunmas\u0131 ve sisteme y\u00fcklenmi\u015f olmas\u0131 gereklidir.<\/p>\n<p><strong>\u00c7ED<\/strong> Ba\u015fvuru Dosyas\u0131 \u00c7evre ve \u015eehircilik Bakanl\u0131\u011f\u0131 taraf\u0131ndan incelenir. Genel formata uygun haz\u0131rlanan <strong>\u00c7ED<\/strong> Ba\u015fvuru Dosyas\u0131na uygunluk verilir ve proje kapsam\u0131nda ilgili kurum\/kurulu\u015flardan<strong> \u00c7ED<\/strong> \u00d6zel Format\u0131 i\u00e7in g\u00f6r\u00fc\u015f talep edilir.<\/p>\n<p><strong>\u00c7ED<\/strong> Ba\u015fvuru Dosyas\u0131\u2019n\u0131n sunulmas\u0131ndan sonra projenin ger\u00e7ekle\u015ftirilece\u011fi lokasyon ba\u015fta olmak \u00fczere, projeden en \u00e7ok etkilenmesi muhtemel olan halk\u0131n g\u00f6r\u00fc\u015f ve \u00f6nerilerinin al\u0131nmas\u0131 amac\u0131 ile Halk\u0131n Kat\u0131l\u0131m Toplant\u0131s\u0131 tarihi belirlenir. Halk\u0131n Kat\u0131l\u0131m Toplant\u0131s\u0131 tarihinden en az 10 takvim g\u00fcn\u00fc \u00f6nce bir yerel ve bir ulusal gazete toplant\u0131n\u0131n ger\u00e7ekle\u015ftirilece\u011fi yere ili\u015fkin bilgilere ile toplant\u0131 tarih ve saatini i\u00e7eren gazete ilanlar\u0131 verilir. Gazete ilanlar\u0131n\u0131n verilmesi <strong>\u00c7ED<\/strong> Y\u00f6netmeli\u011fi\u2019nde belirtilmi\u015f olup gazete ilan\u0131 verilmeyen <strong>\u00c7ED<\/strong> s\u00fcre\u00e7leri iptal edilir ve s\u00fcre\u00e7 tekrar ba\u015flar.<\/p>\n<p>Halk\u0131n Kat\u0131l\u0131m Toplant\u0131s\u0131\u2019na y\u00f6re halk\u0131 ba\u015fta olmak \u00fczere, g\u00f6r\u00fc\u015f talep edilen komisyon \u00fcyesi kurum\/kurulu\u015f yetkilileri ve sivil toplum \u00f6rg\u00fct\u00fc temsileri kat\u0131l\u0131m sa\u011flarlar. Halk\u0131n Kat\u0131l\u0131m Toplant\u0131s\u0131 i\u00e7in belirlenmi\u015f bir kat\u0131l\u0131m \u015fart\u0131 olmamakla birlikte y\u00f6re halk\u0131n\u0131n toplant\u0131ya kat\u0131l\u0131m sa\u011flamas\u0131, s\u00fcrecin sa\u011fl\u0131k ve amac\u0131na uygun ilerlemesi a\u00e7s\u0131s\u0131ndan son derece \u00f6nemlidir.<\/p>\n<h4>\u00c7evresel Etki De\u011ferlendirme Raporu Format al\u0131nma s\u00fcreci<\/h4>\n<p>Halk\u0131n Kat\u0131l\u0131m Toplant\u0131s\u0131n\u0131n ger\u00e7ekle\u015ftirilmesi ve komisyon \u00fcyelerinin g\u00f6r\u00fc\u015flerini vermelerinden sonra \u00c7evre ve \u015eehircilik Bakanl\u0131\u011f\u0131 taraf\u0131ndan<strong> \u00c7ED<\/strong> Raporu \u00d6zel Format\u0131 olu\u015fturulur. Haz\u0131rlanacak olan <strong>\u00c7ED<\/strong> Raporu bu formata uygun olmal\u0131d\u0131r. <strong>\u00c7ED<\/strong> Raporu \u00d6zel Format\u0131n\u0131n al\u0131nmas\u0131 ve s\u00fcrecin devam edebilmesi i\u00e7in \u00c7evre ve \u015eehircilik Bakanl\u0131\u011f\u0131 hesab\u0131na \u00d6zel Format Bedelinin yat\u0131r\u0131lmas\u0131 gerekmektedir.<\/p>\n<h4>\u00c7evresel Etki De\u011ferlendirme Raporu Sunumu<\/h4>\n<p><strong>\u00c7ED<\/strong> Raporu \u00d6zel Format\u0131na esasen haz\u0131rlanan <strong>\u00c7ED<\/strong> Raporu \u00c7evre ve \u015eehircilik Bakanl\u0131\u011f\u0131\u2019na sunulur. <strong>\u00c7ED<\/strong> Raporu komisyon \u00fcyelerine elektronik ortamdan g\u00f6nderilir ve rapor hakk\u0131nda g\u00f6r\u00fc\u015flerinin olu\u015fturulmas\u0131 talep edilir. Ayn\u0131 zamanda raporu haz\u0131rlayan firman\u0131n raporu \u00f6zet olarak komisyona aktarmas\u0131 ve komisyon taraf\u0131ndan raporun de\u011ferlendirilebilmesi amac\u0131 ile \u0130nceleme De\u011ferlendirme Komisyonu (\u0130DK) Toplant\u0131s\u0131 ger\u00e7ekle\u015ftirilir. Bu toplant\u0131, halktan ba\u011f\u0131ms\u0131z olarak resmi kurum\/kurulu\u015flar, <strong>\u00c7ED Raporu<\/strong>nu haz\u0131rlayan firma ve yat\u0131r\u0131mc\u0131 temsilcisinin kat\u0131l\u0131m\u0131 ile yap\u0131lan bir toplant\u0131d\u0131r. \u0130DK Toplant\u0131s\u0131nda kat\u0131l\u0131m \u015fart\u0131 aranmakla birlikte salt \u00e7o\u011funluk sa\u011flanmamas\u0131 durumunda toplant\u0131 ileri bir tarihe ertelenir. Salt \u00e7o\u011funlu\u011fun sa\u011flanmas\u0131 durumunda komisyon <strong>\u00c7ED<\/strong> Olumlu ya da <strong>\u00c7ED<\/strong> olumsuz karar\u0131 verir.<\/p>\n<p><strong>\u00c7ED<\/strong> Olumlu karar\u0131 verilen projeler, yat\u0131r\u0131mlar\u0131 i\u00e7in di\u011fer gerekli izinleri ald\u0131ktan sonra faaliyete ba\u015flayabilirler. <strong>\u00c7ED<\/strong> Olumlu karar\u0131n\u0131n verildi\u011fi tarihten itibaren 7 y\u0131l i\u00e7erisinde faaliyete ba\u015flanmayan projelerin <strong>\u00c7ED<\/strong> Olumlu karar\u0131 iptal h\u00fckm\u00fc ta\u015f\u0131r ve <strong>\u00c7ED<\/strong> s\u00fcrecinin tekrarlanmas\u0131 gerekmektedir.<\/p>\n<\/div>\n<div><\/div>\n<div>\n<h4>Firmam\u0131z taraf\u0131ndan verilen hizmetler<\/h4>\n<\/div>\n<div><u><strong>&#8211; \u00c7evresel Etki De\u011ferlendirme<\/strong><\/u><\/div>\n<div><\/div>\n<div><u><strong>-\u00c7ED raporu haz\u0131rlanmas\u0131,<\/strong><\/u><\/div>\n<div><\/div>\n<div><u><strong>&#8211; Proje Tan\u0131t\u0131m Dosyas\u0131 (PTD) Haz\u0131rlanmas\u0131,<\/strong><\/u><\/div>\n<div><\/div>\n<div><u><strong>&#8211; Sosyal Etki De\u011ferlendirme \u00c7al\u0131\u015fmalar\u0131,<\/strong><\/u><\/div>\n<div><\/div>\n<div><u><strong>&#8211; Mevcut Arazi Durum Tespitleri,<\/strong><\/u><\/div>\n<div><\/div>\n<div><u><strong>&#8211; Saha \u00c7al\u0131\u015fmalar\u0131,<\/strong><\/u><\/div>\n<div><\/div>\n<div><u><strong>&#8211; Do\u011faya Yeniden Kazand\u0131rma Planlar\u0131,<\/strong><\/u><\/div>\n<div><\/div>\n<div><u><strong>&#8211; \u00c7evre Y\u00f6netim Planlar\u0131,<\/strong><\/u><\/div>\n<div><\/div>\n<div><u><strong>&#8211; Ek VI Arama Faaliyeti Eleme-Kontrol Formlar\u0131n\u0131n Haz\u0131rlanmas\u0131,<\/strong><\/u><\/div>\n<div><\/div>\n<div><u><strong>&#8211; \u0130zleme \u00c7al\u0131\u015fmalar\u0131.<\/strong><\/u><\/div>\n<div><\/div>\n<div><\/div>\n<p><strong>&#8211;\u00a0\u00c7evre Dan\u0131\u015fmanl\u0131k\u00a0Hizmetimiz ile ilgili detayl\u0131 bilgiyi linke t\u0131klayarak \u00f6\u011frenebilirsiniz. <span style=\"color: #ffffff;\"><a style=\"color: #ffffff;\" href=\"https:\/\/www.ankaracevre.com\">ankara \u00e7evre dan\u0131\u015fmanl\u0131k<\/a><\/span><\/strong><\/p>\n","protected":false},"excerpt":{"rendered":"<p>\u00c7evresel Etki De\u011ferlendirme \u00c7evresel Etki De\u011ferlendirmesi\u00a0\u00c7ED Raporu, hayata ge\u00e7irilmesi planlanan projelerin \u00e7evreye olabilecek olumlu ve olumsuz etkilerinin belirlenmesinde, olumsuz etkilerin \u00e7evreye en az seviyede zarar verecek boyuta indirilmesi veya tamamen \u00f6nlenmesi, proje i\u00e7in se\u00e7ilen lokasyon ve teknoloji alternatiflerinin belirlenmesi ve projelerin uygulanmas\u0131n\u0131n izlenmesi ve kontrol\u00fcnde s\u00fcrd\u00fcr\u00fclecek \u00e7al\u0131\u015fmalar\u0131n tamam\u0131na verilen isimdir. \u00c7ED Raporu Hakk\u0131nda \u00c7evresel Etki<\/p>\n","protected":false},"author":1,"featured_media":0,"parent":0,"menu_order":0,"comment_status":"closed","ping_status":"closed","template":"","meta":{"footnotes":""},"yoast_head":"<!-- This site is optimized with the Yoast SEO plugin v20.13 - https:\/\/yoast.com\/wordpress\/plugins\/seo\/ -->\n<title>\u00c7ED Raporu Proje Tan\u0131t\u0131m Dosyas\u0131 \u00c7ED Kapsamd\u0131\u015f\u0131 Ankara \u00c7evre<\/title>\n<meta name=\"description\" content=\"\u00c7ED Raporu, Proje Tan\u0131t\u0131m Dosyas\u0131 ve \u00c7ED kapsamd\u0131\u015f\u0131 karar\u0131 konular\u0131nda uzman m\u00fchendis kadrosu ile hizmet verilmektedir. Ankara Sien \u00c7evre\" \/>\n<meta name=\"robots\" content=\"index, follow, max-snippet:-1, max-image-preview:large, max-video-preview:-1\" \/>\n<link rel=\"canonical\" href=\"https:\/\/ankaracevre.com\/?page_id=18\" \/>\n<meta property=\"og:locale\" content=\"tr_TR\" \/>\n<meta property=\"og:type\" content=\"article\" \/>\n<meta property=\"og:title\" content=\"\u00c7ED Raporu Proje Tan\u0131t\u0131m Dosyas\u0131 \u00c7ED Kapsamd\u0131\u015f\u0131 Ankara \u00c7evre\" \/>\n<meta property=\"og:description\" content=\"\u00c7ED Raporu, Proje Tan\u0131t\u0131m Dosyas\u0131 ve \u00c7ED kapsamd\u0131\u015f\u0131 karar\u0131 konular\u0131nda uzman m\u00fchendis kadrosu ile hizmet verilmektedir. Ankara Sien \u00c7evre\" \/>\n<meta property=\"og:url\" content=\"https:\/\/ankaracevre.com\/?page_id=18\" \/>\n<meta property=\"og:site_name\" content=\"\u00c7evre Dan\u0131\u015fmanl\u0131k ve \u00c7ED Raporu - S\u0130EN \u00c7evre\" \/>\n<meta property=\"article:modified_time\" content=\"2022-08-17T06:13:57+00:00\" \/>\n<meta property=\"og:image\" content=\"http:\/\/ankaracevre.com\/wp-content\/uploads\/2022\/06\/IMG_20210421_124247-570x380.jpg\" \/>\n<meta name=\"twitter:card\" content=\"summary_large_image\" \/>\n<meta name=\"twitter:label1\" content=\"Tahmini okuma s\u00fcresi\" \/>\n\t<meta name=\"twitter:data1\" content=\"6 dakika\" \/>\n<script type=\"application\/ld+json\" class=\"yoast-schema-graph\">{\"@context\":\"https:\/\/schema.org\",\"@graph\":[{\"@type\":\"WebPage\",\"@id\":\"https:\/\/ankaracevre.com\/?page_id=18\",\"url\":\"https:\/\/ankaracevre.com\/?page_id=18\",\"name\":\"\u00c7ED Raporu Proje Tan\u0131t\u0131m Dosyas\u0131 \u00c7ED Kapsamd\u0131\u015f\u0131 Ankara \u00c7evre\",\"isPartOf\":{\"@id\":\"https:\/\/ankaracevre.com\/#website\"},\"datePublished\":\"2018-08-04T10:56:02+00:00\",\"dateModified\":\"2022-08-17T06:13:57+00:00\",\"description\":\"\u00c7ED Raporu, Proje Tan\u0131t\u0131m Dosyas\u0131 ve \u00c7ED kapsamd\u0131\u015f\u0131 karar\u0131 konular\u0131nda uzman m\u00fchendis kadrosu ile hizmet verilmektedir. Ankara Sien \u00c7evre\",\"inLanguage\":\"tr\",\"potentialAction\":[{\"@type\":\"ReadAction\",\"target\":[\"https:\/\/ankaracevre.com\/?page_id=18\"]}]},{\"@type\":\"WebSite\",\"@id\":\"https:\/\/ankaracevre.com\/#website\",\"url\":\"https:\/\/ankaracevre.com\/\",\"name\":\"\u00c7evre Dan\u0131\u015fmanl\u0131k ve \u00c7ED Raporu - S\u0130EN \u00c7evre\",\"description\":\"Sien \u00c7evre Dan\u0131\u015fmanl\u0131k Kurulu\u015fudur.\",\"publisher\":{\"@id\":\"https:\/\/ankaracevre.com\/#organization\"},\"potentialAction\":[{\"@type\":\"SearchAction\",\"target\":{\"@type\":\"EntryPoint\",\"urlTemplate\":\"https:\/\/ankaracevre.com\/?s={search_term_string}\"},\"query-input\":\"required name=search_term_string\"}],\"inLanguage\":\"tr\"},{\"@type\":\"Organization\",\"@id\":\"https:\/\/ankaracevre.com\/#organization\",\"name\":\"Sien \u00c7evre Dan\u0131\u015fmanl\u0131k\",\"url\":\"https:\/\/ankaracevre.com\/\",\"logo\":{\"@type\":\"ImageObject\",\"inLanguage\":\"tr\",\"@id\":\"https:\/\/ankaracevre.com\/#\/schema\/logo\/image\/\",\"url\":\"https:\/\/ankaracevre.com\/wp-content\/uploads\/2018\/08\/sien-ikon.png\",\"contentUrl\":\"https:\/\/ankaracevre.com\/wp-content\/uploads\/2018\/08\/sien-ikon.png\",\"width\":80,\"height\":93,\"caption\":\"Sien \u00c7evre Dan\u0131\u015fmanl\u0131k\"},\"image\":{\"@id\":\"https:\/\/ankaracevre.com\/#\/schema\/logo\/image\/\"},\"sameAs\":[\"https:\/\/www.linkedin.com\/in\/sinan-kurban-675aa759\/\"]}]}<\/script>\n<!-- \/ Yoast SEO plugin. -->","yoast_head_json":{"title":"\u00c7ED Raporu Proje Tan\u0131t\u0131m Dosyas\u0131 \u00c7ED Kapsamd\u0131\u015f\u0131 Ankara \u00c7evre","description":"\u00c7ED Raporu, Proje Tan\u0131t\u0131m Dosyas\u0131 ve \u00c7ED kapsamd\u0131\u015f\u0131 karar\u0131 konular\u0131nda uzman m\u00fchendis kadrosu ile hizmet verilmektedir. Ankara Sien \u00c7evre","robots":{"index":"index","follow":"follow","max-snippet":"max-snippet:-1","max-image-preview":"max-image-preview:large","max-video-preview":"max-video-preview:-1"},"canonical":"https:\/\/ankaracevre.com\/?page_id=18","og_locale":"tr_TR","og_type":"article","og_title":"\u00c7ED Raporu Proje Tan\u0131t\u0131m Dosyas\u0131 \u00c7ED Kapsamd\u0131\u015f\u0131 Ankara \u00c7evre","og_description":"\u00c7ED Raporu, Proje Tan\u0131t\u0131m Dosyas\u0131 ve \u00c7ED kapsamd\u0131\u015f\u0131 karar\u0131 konular\u0131nda uzman m\u00fchendis kadrosu ile hizmet verilmektedir. Ankara Sien \u00c7evre","og_url":"https:\/\/ankaracevre.com\/?page_id=18","og_site_name":"\u00c7evre Dan\u0131\u015fmanl\u0131k ve \u00c7ED Raporu - S\u0130EN \u00c7evre","article_modified_time":"2022-08-17T06:13:57+00:00","og_image":[{"url":"http:\/\/ankaracevre.com\/wp-content\/uploads\/2022\/06\/IMG_20210421_124247-570x380.jpg"}],"twitter_card":"summary_large_image","twitter_misc":{"Tahmini okuma s\u00fcresi":"6 dakika"},"schema":{"@context":"https:\/\/schema.org","@graph":[{"@type":"WebPage","@id":"https:\/\/ankaracevre.com\/?page_id=18","url":"https:\/\/ankaracevre.com\/?page_id=18","name":"\u00c7ED Raporu Proje Tan\u0131t\u0131m Dosyas\u0131 \u00c7ED Kapsamd\u0131\u015f\u0131 Ankara \u00c7evre","isPartOf":{"@id":"https:\/\/ankaracevre.com\/#website"},"datePublished":"2018-08-04T10:56:02+00:00","dateModified":"2022-08-17T06:13:57+00:00","description":"\u00c7ED Raporu, Proje Tan\u0131t\u0131m Dosyas\u0131 ve \u00c7ED kapsamd\u0131\u015f\u0131 karar\u0131 konular\u0131nda uzman m\u00fchendis kadrosu ile hizmet verilmektedir. Ankara Sien \u00c7evre","inLanguage":"tr","potentialAction":[{"@type":"ReadAction","target":["https:\/\/ankaracevre.com\/?page_id=18"]}]},{"@type":"WebSite","@id":"https:\/\/ankaracevre.com\/#website","url":"https:\/\/ankaracevre.com\/","name":"\u00c7evre Dan\u0131\u015fmanl\u0131k ve \u00c7ED Raporu - S\u0130EN \u00c7evre","description":"Sien \u00c7evre Dan\u0131\u015fmanl\u0131k Kurulu\u015fudur.","publisher":{"@id":"https:\/\/ankaracevre.com\/#organization"},"potentialAction":[{"@type":"SearchAction","target":{"@type":"EntryPoint","urlTemplate":"https:\/\/ankaracevre.com\/?s={search_term_string}"},"query-input":"required name=search_term_string"}],"inLanguage":"tr"},{"@type":"Organization","@id":"https:\/\/ankaracevre.com\/#organization","name":"Sien \u00c7evre Dan\u0131\u015fmanl\u0131k","url":"https:\/\/ankaracevre.com\/","logo":{"@type":"ImageObject","inLanguage":"tr","@id":"https:\/\/ankaracevre.com\/#\/schema\/logo\/image\/","url":"https:\/\/ankaracevre.com\/wp-content\/uploads\/2018\/08\/sien-ikon.png","contentUrl":"https:\/\/ankaracevre.com\/wp-content\/uploads\/2018\/08\/sien-ikon.png","width":80,"height":93,"caption":"Sien \u00c7evre Dan\u0131\u015fmanl\u0131k"},"image":{"@id":"https:\/\/ankaracevre.com\/#\/schema\/logo\/image\/"},"sameAs":["https:\/\/www.linkedin.com\/in\/sinan-kurban-675aa759\/"]}]}},"_links":{"self":[{"href":"https:\/\/ankaracevre.com\/index.php?rest_route=\/wp\/v2\/pages\/18"}],"collection":[{"href":"https:\/\/ankaracevre.com\/index.php?rest_route=\/wp\/v2\/pages"}],"about":[{"href":"https:\/\/ankaracevre.com\/index.php?rest_route=\/wp\/v2\/types\/page"}],"author":[{"embeddable":true,"href":"https:\/\/ankaracevre.com\/index.php?rest_route=\/wp\/v2\/users\/1"}],"replies":[{"embeddable":true,"href":"https:\/\/ankaracevre.com\/index.php?rest_route=%2Fwp%2Fv2%2Fcomments&post=18"}],"version-history":[{"count":12,"href":"https:\/\/ankaracevre.com\/index.php?rest_route=\/wp\/v2\/pages\/18\/revisions"}],"predecessor-version":[{"id":2018,"href":"https:\/\/ankaracevre.com\/index.php?rest_route=\/wp\/v2\/pages\/18\/revisions\/2018"}],"wp:attachment":[{"href":"https:\/\/ankaracevre.com\/index.php?rest_route=%2Fwp%2Fv2%2Fmedia&parent=18"}],"curies":[{"name":"wp","href":"https:\/\/api.w.org\/{rel}","templated":true}]}}