{"id":1797,"date":"2018-08-19T02:23:35","date_gmt":"2018-08-18T23:23:35","guid":{"rendered":"http:\/\/ankaracevre.com\/?page_id=1797"},"modified":"2022-08-17T09:05:43","modified_gmt":"2022-08-17T06:05:43","slug":"iletisim","status":"publish","type":"page","link":"https:\/\/ankaracevre.com\/?page_id=1797","title":{"rendered":"\u0130leti\u015fim"},"content":{"rendered":"<p>[vc_row css_animation=&#8221;fadeIn&#8221; css=&#8221;.vc_custom_1507862535303{padding-bottom: 45px !important;}&#8221;][vc_column width=&#8221;2\/3&#8243; css=&#8221;.vc_custom_1507862510385{margin-bottom: 30px !important;}&#8221;][vc_column_text css=&#8221;.vc_custom_1534104521708{padding-bottom: 30px !important;}&#8221;]<\/p>\n<h4 class=\"contact-title\">Mesaj G\u00f6nder<\/h4>\n<p>[\/vc_column_text]\n<div class=\"wpcf7 no-js\" id=\"wpcf7-f1990-o1\" lang=\"tr-TR\" dir=\"ltr\">\n<div class=\"screen-reader-response\"><p role=\"status\" aria-live=\"polite\" aria-atomic=\"true\"><\/p> <ul><\/ul><\/div>\n<form action=\"\/index.php?rest_route=%2Fwp%2Fv2%2Fpages%2F1797#wpcf7-f1990-o1\" method=\"post\" class=\"wpcf7-form init\" aria-label=\"\u0130leti\u015fim Formu\" novalidate=\"novalidate\" data-status=\"init\">\n<div style=\"display: none;\">\n<input type=\"hidden\" name=\"_wpcf7\" value=\"1990\" \/>\n<input type=\"hidden\" name=\"_wpcf7_version\" value=\"5.9.5\" \/>\n<input type=\"hidden\" name=\"_wpcf7_locale\" value=\"tr_TR\" \/>\n<input type=\"hidden\" name=\"_wpcf7_unit_tag\" value=\"wpcf7-f1990-o1\" \/>\n<input type=\"hidden\" name=\"_wpcf7_container_post\" value=\"0\" \/>\n<input type=\"hidden\" name=\"_wpcf7_posted_data_hash\" value=\"\" \/>\n<\/div>\n<p><label> Ad\u0131n\u0131z<br \/>\n<span class=\"wpcf7-form-control-wrap\" data-name=\"your-name\"><input size=\"40\" class=\"wpcf7-form-control wpcf7-text wpcf7-validates-as-required\" aria-required=\"true\" aria-invalid=\"false\" value=\"\" type=\"text\" name=\"your-name\" \/><\/span> <\/label>\n<\/p>\n<p><label> E-posta adresiniz<br \/>\n<span class=\"wpcf7-form-control-wrap\" data-name=\"your-email\"><input size=\"40\" class=\"wpcf7-form-control wpcf7-email wpcf7-validates-as-required wpcf7-text wpcf7-validates-as-email\" aria-required=\"true\" aria-invalid=\"false\" value=\"\" type=\"email\" name=\"your-email\" \/><\/span> <\/label>\n<\/p>\n<p><label> Konu<br \/>\n<span class=\"wpcf7-form-control-wrap\" data-name=\"your-subject\"><input size=\"40\" class=\"wpcf7-form-control wpcf7-text wpcf7-validates-as-required\" aria-required=\"true\" aria-invalid=\"false\" value=\"\" type=\"text\" name=\"your-subject\" \/><\/span> <\/label>\n<\/p>\n<p><label> \u0130letiniz (tercihe ba\u011fl\u0131)<br \/>\n<span class=\"wpcf7-form-control-wrap\" data-name=\"your-message\"><textarea cols=\"40\" rows=\"10\" class=\"wpcf7-form-control wpcf7-textarea\" aria-invalid=\"false\" name=\"your-message\"><\/textarea><\/span> <\/label>\n<\/p>\n<p><input class=\"wpcf7-form-control wpcf7-submit has-spinner\" type=\"submit\" value=\"G\u00f6nder\" \/>\n<\/p><div class=\"wpcf7-response-output\" aria-hidden=\"true\"><\/div>\n<\/form>\n<\/div>\n[\/vc_column][vc_column width=&#8221;1\/3&#8243; css=&#8221;.vc_custom_1507862543584{margin-bottom: 30px !important;}&#8221;][vc_column_text css=&#8221;.vc_custom_1534104573366{padding-left: 0px !important;}&#8221;]<\/p>\n<h4>Adres<\/h4>\n<p class=\"info-contact\"><i class=\"fa fa-map-marker\"><\/i>MUSTAFA KEMAL MAHALLES\u0130 2131 CAD. NO:16\/4 \u00c7ANYAKA\/ANKARA<\/p>\n<p>[\/vc_column_text][vc_column_text]<\/p>\n<p class=\"info-contact\"><i class=\"fa fa-phone\"><\/i>0312 484 8829 &#8211; OF\u0130S<\/p>\n<p class=\"info-contact\">0543 824 9225 &#8211; GSM<\/p>\n<p class=\"info-contact\">0312 484 8830 &#8211; FAX<\/p>\n<p>[\/vc_column_text][vc_column_text]<\/p>\n<p class=\"info-contact\"><i class=\"fa fa-envelope\"><\/i><span class=\"s1\"><a href=\"mailto:info@ankaracevre.com\">info@ankaracevre.com<\/a><\/span><span class=\"s2\">\u00a0<\/span><\/p>\n<p class=\"info-contact\"><span class=\"s2\"><a href=\"mailto:sinan@ankaracevre.com\"><span class=\"s3\">sinan@ankaracevre.com<\/span><\/a><\/span><\/p>\n<p>[\/vc_column_text][\/vc_column][\/vc_row][vc_row full_width=&#8221;stretch_row_content_no_spaces&#8221; css_animation=&#8221;fadeIn&#8221; css=&#8221;.vc_custom_1507804636276{margin-bottom: -30px !important;}&#8221;][vc_column][vc_wp_text]<iframe style=\"border: 0;\" src=\"https:\/\/www.google.com\/maps\/embed?pb=!1m18!1m12!1m3!1d3060.2465197665815!2d32.767503315223344!3d39.91349909401483!2m3!1f0!2f0!3f0!3m2!1i1024!2i768!4f13.1!3m3!1m2!1s0x14d3494be73dcfe1%3A0xbbe6948ba610fa0d!2s%C3%87evre+Dan%C4%B1%C5%9Fmanl%C4%B1k+Hizmetleri+-+Sien.Com.TR!5e0!3m2!1str!2str!4v1532641344083\" frameborder=\"0\" allowfullscreen=\"allowfullscreen\"><\/iframe>[\/vc_wp_text][\/vc_column][\/vc_row]<\/p>\n","protected":false},"excerpt":{"rendered":"<p>[vc_row css_animation=&#8221;fadeIn&#8221; css=&#8221;.vc_custom_1507862535303{padding-bottom: 45px !important;}&#8221;][vc_column width=&#8221;2\/3&#8243; css=&#8221;.vc_custom_1507862510385{margin-bottom: 30px !important;}&#8221;][vc_column_text css=&#8221;.vc_custom_1534104521708{padding-bottom: 30px !important;}&#8221;] Mesaj G\u00f6nder [\/vc_column_text][\/vc_column][vc_column width=&#8221;1\/3&#8243; css=&#8221;.vc_custom_1507862543584{margin-bottom: 30px !important;}&#8221;][vc_column_text css=&#8221;.vc_custom_1534104573366{padding-left: 0px !important;}&#8221;] Adres MUSTAFA KEMAL MAHALLES\u0130 2131 CAD. NO:16\/4 \u00c7ANYAKA\/ANKARA [\/vc_column_text][vc_column_text] 0312 484 8829 &#8211; OF\u0130S 0543 824 9225 &#8211; GSM 0312 484 8830 &#8211; FAX [\/vc_column_text][vc_column_text] info@ankaracevre.com\u00a0 sinan@ankaracevre.com [\/vc_column_text][\/vc_column][\/vc_row][vc_row full_width=&#8221;stretch_row_content_no_spaces&#8221; css_animation=&#8221;fadeIn&#8221; css=&#8221;.vc_custom_1507804636276{margin-bottom: -30px !important;}&#8221;][vc_column][vc_wp_text][\/vc_wp_text][\/vc_column][\/vc_row]<\/p>\n","protected":false},"author":1,"featured_media":0,"parent":0,"menu_order":0,"comment_status":"closed","ping_status":"closed","template":"","meta":{"footnotes":""},"yoast_head":"<!-- This site is optimized with the Yoast SEO plugin v20.13 - https:\/\/yoast.com\/wordpress\/plugins\/seo\/ -->\n<title>\u0130leti\u015fim - Ankara \u00c7evre Dan\u0131\u015fmanl\u0131k Hizmetleri - Sien \u00c7evre<\/title>\n<meta name=\"description\" content=\"Ankara \u00c7evre Dan\u0131\u015fmanl\u0131k, \u00c7ED Raporu, Sera Gaz\u0131 ve \u00c7evre Dan\u0131\u015fmanl\u0131k hizmetleri i\u00e7in ileti\u015fim sayfas\u0131ndan bizlere \u00e7ok kolay ula\u015fabilirsiniz.\" \/>\n<meta name=\"robots\" content=\"index, follow, max-snippet:-1, max-image-preview:large, max-video-preview:-1\" \/>\n<link rel=\"canonical\" href=\"https:\/\/ankaracevre.com\/?page_id=1797\" \/>\n<meta property=\"og:locale\" content=\"tr_TR\" \/>\n<meta property=\"og:type\" content=\"article\" \/>\n<meta property=\"og:title\" content=\"\u0130leti\u015fim - Ankara \u00c7evre Dan\u0131\u015fmanl\u0131k Hizmetleri - Sien \u00c7evre\" \/>\n<meta property=\"og:description\" content=\"Ankara \u00c7evre Dan\u0131\u015fmanl\u0131k, \u00c7ED Raporu, Sera Gaz\u0131 ve \u00c7evre Dan\u0131\u015fmanl\u0131k hizmetleri i\u00e7in ileti\u015fim sayfas\u0131ndan bizlere \u00e7ok kolay ula\u015fabilirsiniz.\" \/>\n<meta property=\"og:url\" content=\"https:\/\/ankaracevre.com\/?page_id=1797\" \/>\n<meta property=\"og:site_name\" content=\"\u00c7evre Dan\u0131\u015fmanl\u0131k ve \u00c7ED Raporu - S\u0130EN \u00c7evre\" \/>\n<meta property=\"article:modified_time\" content=\"2022-08-17T06:05:43+00:00\" \/>\n<meta name=\"twitter:card\" content=\"summary_large_image\" \/>\n<meta name=\"twitter:label1\" content=\"Tahmini okuma s\u00fcresi\" \/>\n\t<meta name=\"twitter:data1\" content=\"1 dakika\" \/>\n<script type=\"application\/ld+json\" class=\"yoast-schema-graph\">{\"@context\":\"https:\/\/schema.org\",\"@graph\":[{\"@type\":\"WebPage\",\"@id\":\"https:\/\/ankaracevre.com\/?page_id=1797\",\"url\":\"https:\/\/ankaracevre.com\/?page_id=1797\",\"name\":\"\u0130leti\u015fim - Ankara \u00c7evre Dan\u0131\u015fmanl\u0131k Hizmetleri - Sien \u00c7evre\",\"isPartOf\":{\"@id\":\"https:\/\/ankaracevre.com\/#website\"},\"datePublished\":\"2018-08-18T23:23:35+00:00\",\"dateModified\":\"2022-08-17T06:05:43+00:00\",\"description\":\"Ankara \u00c7evre Dan\u0131\u015fmanl\u0131k, \u00c7ED Raporu, Sera Gaz\u0131 ve \u00c7evre Dan\u0131\u015fmanl\u0131k hizmetleri i\u00e7in ileti\u015fim sayfas\u0131ndan bizlere \u00e7ok kolay ula\u015fabilirsiniz.\",\"inLanguage\":\"tr\",\"potentialAction\":[{\"@type\":\"ReadAction\",\"target\":[\"https:\/\/ankaracevre.com\/?page_id=1797\"]}]},{\"@type\":\"WebSite\",\"@id\":\"https:\/\/ankaracevre.com\/#website\",\"url\":\"https:\/\/ankaracevre.com\/\",\"name\":\"\u00c7evre Dan\u0131\u015fmanl\u0131k ve \u00c7ED Raporu - S\u0130EN \u00c7evre\",\"description\":\"Sien \u00c7evre Dan\u0131\u015fmanl\u0131k Kurulu\u015fudur.\",\"publisher\":{\"@id\":\"https:\/\/ankaracevre.com\/#organization\"},\"potentialAction\":[{\"@type\":\"SearchAction\",\"target\":{\"@type\":\"EntryPoint\",\"urlTemplate\":\"https:\/\/ankaracevre.com\/?s={search_term_string}\"},\"query-input\":\"required name=search_term_string\"}],\"inLanguage\":\"tr\"},{\"@type\":\"Organization\",\"@id\":\"https:\/\/ankaracevre.com\/#organization\",\"name\":\"Sien \u00c7evre Dan\u0131\u015fmanl\u0131k\",\"url\":\"https:\/\/ankaracevre.com\/\",\"logo\":{\"@type\":\"ImageObject\",\"inLanguage\":\"tr\",\"@id\":\"https:\/\/ankaracevre.com\/#\/schema\/logo\/image\/\",\"url\":\"https:\/\/ankaracevre.com\/wp-content\/uploads\/2018\/08\/sien-ikon.png\",\"contentUrl\":\"https:\/\/ankaracevre.com\/wp-content\/uploads\/2018\/08\/sien-ikon.png\",\"width\":80,\"height\":93,\"caption\":\"Sien \u00c7evre Dan\u0131\u015fmanl\u0131k\"},\"image\":{\"@id\":\"https:\/\/ankaracevre.com\/#\/schema\/logo\/image\/\"},\"sameAs\":[\"https:\/\/www.linkedin.com\/in\/sinan-kurban-675aa759\/\"]}]}<\/script>\n<!-- \/ Yoast SEO plugin. -->","yoast_head_json":{"title":"\u0130leti\u015fim - Ankara \u00c7evre Dan\u0131\u015fmanl\u0131k Hizmetleri - Sien \u00c7evre","description":"Ankara \u00c7evre Dan\u0131\u015fmanl\u0131k, \u00c7ED Raporu, Sera Gaz\u0131 ve \u00c7evre Dan\u0131\u015fmanl\u0131k hizmetleri i\u00e7in ileti\u015fim sayfas\u0131ndan bizlere \u00e7ok kolay ula\u015fabilirsiniz.","robots":{"index":"index","follow":"follow","max-snippet":"max-snippet:-1","max-image-preview":"max-image-preview:large","max-video-preview":"max-video-preview:-1"},"canonical":"https:\/\/ankaracevre.com\/?page_id=1797","og_locale":"tr_TR","og_type":"article","og_title":"\u0130leti\u015fim - Ankara \u00c7evre Dan\u0131\u015fmanl\u0131k Hizmetleri - Sien \u00c7evre","og_description":"Ankara \u00c7evre Dan\u0131\u015fmanl\u0131k, \u00c7ED Raporu, Sera Gaz\u0131 ve \u00c7evre Dan\u0131\u015fmanl\u0131k hizmetleri i\u00e7in ileti\u015fim sayfas\u0131ndan bizlere \u00e7ok kolay ula\u015fabilirsiniz.","og_url":"https:\/\/ankaracevre.com\/?page_id=1797","og_site_name":"\u00c7evre Dan\u0131\u015fmanl\u0131k ve \u00c7ED Raporu - S\u0130EN \u00c7evre","article_modified_time":"2022-08-17T06:05:43+00:00","twitter_card":"summary_large_image","twitter_misc":{"Tahmini okuma s\u00fcresi":"1 dakika"},"schema":{"@context":"https:\/\/schema.org","@graph":[{"@type":"WebPage","@id":"https:\/\/ankaracevre.com\/?page_id=1797","url":"https:\/\/ankaracevre.com\/?page_id=1797","name":"\u0130leti\u015fim - Ankara \u00c7evre Dan\u0131\u015fmanl\u0131k Hizmetleri - Sien \u00c7evre","isPartOf":{"@id":"https:\/\/ankaracevre.com\/#website"},"datePublished":"2018-08-18T23:23:35+00:00","dateModified":"2022-08-17T06:05:43+00:00","description":"Ankara \u00c7evre Dan\u0131\u015fmanl\u0131k, \u00c7ED Raporu, Sera Gaz\u0131 ve \u00c7evre Dan\u0131\u015fmanl\u0131k hizmetleri i\u00e7in ileti\u015fim sayfas\u0131ndan bizlere \u00e7ok kolay ula\u015fabilirsiniz.","inLanguage":"tr","potentialAction":[{"@type":"ReadAction","target":["https:\/\/ankaracevre.com\/?page_id=1797"]}]},{"@type":"WebSite","@id":"https:\/\/ankaracevre.com\/#website","url":"https:\/\/ankaracevre.com\/","name":"\u00c7evre Dan\u0131\u015fmanl\u0131k ve \u00c7ED Raporu - S\u0130EN \u00c7evre","description":"Sien \u00c7evre Dan\u0131\u015fmanl\u0131k Kurulu\u015fudur.","publisher":{"@id":"https:\/\/ankaracevre.com\/#organization"},"potentialAction":[{"@type":"SearchAction","target":{"@type":"EntryPoint","urlTemplate":"https:\/\/ankaracevre.com\/?s={search_term_string}"},"query-input":"required name=search_term_string"}],"inLanguage":"tr"},{"@type":"Organization","@id":"https:\/\/ankaracevre.com\/#organization","name":"Sien \u00c7evre Dan\u0131\u015fmanl\u0131k","url":"https:\/\/ankaracevre.com\/","logo":{"@type":"ImageObject","inLanguage":"tr","@id":"https:\/\/ankaracevre.com\/#\/schema\/logo\/image\/","url":"https:\/\/ankaracevre.com\/wp-content\/uploads\/2018\/08\/sien-ikon.png","contentUrl":"https:\/\/ankaracevre.com\/wp-content\/uploads\/2018\/08\/sien-ikon.png","width":80,"height":93,"caption":"Sien \u00c7evre Dan\u0131\u015fmanl\u0131k"},"image":{"@id":"https:\/\/ankaracevre.com\/#\/schema\/logo\/image\/"},"sameAs":["https:\/\/www.linkedin.com\/in\/sinan-kurban-675aa759\/"]}]}},"_links":{"self":[{"href":"https:\/\/ankaracevre.com\/index.php?rest_route=\/wp\/v2\/pages\/1797"}],"collection":[{"href":"https:\/\/ankaracevre.com\/index.php?rest_route=\/wp\/v2\/pages"}],"about":[{"href":"https:\/\/ankaracevre.com\/index.php?rest_route=\/wp\/v2\/types\/page"}],"author":[{"embeddable":true,"href":"https:\/\/ankaracevre.com\/index.php?rest_route=\/wp\/v2\/users\/1"}],"replies":[{"embeddable":true,"href":"https:\/\/ankaracevre.com\/index.php?rest_route=%2Fwp%2Fv2%2Fcomments&post=1797"}],"version-history":[{"count":3,"href":"https:\/\/ankaracevre.com\/index.php?rest_route=\/wp\/v2\/pages\/1797\/revisions"}],"predecessor-version":[{"id":1991,"href":"https:\/\/ankaracevre.com\/index.php?rest_route=\/wp\/v2\/pages\/1797\/revisions\/1991"}],"wp:attachment":[{"href":"https:\/\/ankaracevre.com\/index.php?rest_route=%2Fwp%2Fv2%2Fmedia&parent=1797"}],"curies":[{"name":"wp","href":"https:\/\/api.w.org\/{rel}","templated":true}]}}