{"id":12,"date":"2017-09-26T09:32:36","date_gmt":"2017-09-26T08:32:36","guid":{"rendered":"http:\/\/dev.joomexp.com\/wordpress\/cargo-pifour\/?page_id=12"},"modified":"2022-08-17T09:03:12","modified_gmt":"2022-08-17T06:03:12","slug":"ced-raporu-proje-tanitim-dosyasi-ced-kapsamdisi-karari-cevre-danismanlik-hizmetleri","status":"publish","type":"page","link":"https:\/\/ankaracevre.com\/?page_id=12","title":{"rendered":"Hakk\u0131m\u0131zda"},"content":{"rendered":"<p>[vc_row css=&#8221;.vc_custom_1507708877331{padding-top: 60px !important;padding-bottom: 50px !important;}&#8221;][vc_column width=&#8221;1\/2&#8243; css=&#8221;.vc_custom_1507708858259{margin-bottom: 30px !important;padding-top: 24px !important;}&#8221;][vc_column_text]<span style=\"font-size: large;\"><b>Hakk\u0131m\u0131zda<\/b><\/span><\/p>\n<p><span style=\"font-size: medium;\">S\u0130EN\u00a0<strong>\u00c7EVRE DANI\u015eMALIK<\/strong> kurulu\u015flar\u0131n \u00e7evre mevzuat\u0131 kapsam\u0131nda \u00e7evre dan\u0131\u015fmanl\u0131k hizmeti, \u00e7evresel etki de\u011ferlendirme \u00e7al\u0131\u015fmalar\u0131, \u00e7evresel \u00f6l\u00e7\u00fcm ve raporland\u0131rma, m\u00fchendislik ve dan\u0131\u015fmanl\u0131k ile i\u015f sa\u011fl\u0131\u011f\u0131 ve g\u00fcvenli\u011fi konular\u0131nda alan\u0131nda uzman kadrosu ile birlikte m\u00fc\u015fteri memnuniyeti \u00e7er\u00e7evesinde profesyonel bak\u0131\u015f a\u00e7\u0131s\u0131yla \u00e7\u00f6z\u00fcmler \u00fcretmektedir. <\/span><\/p>\n<p><span style=\"font-size: medium;\">2012 y\u0131l\u0131nda <strong>Ankara da \u00c7evre dan\u0131\u015fmanl\u0131k<\/strong> hizmeti vermek i\u00e7in firmam\u0131z kurulmu\u015f olup 2013 y\u0131l\u0131nda \u00c7evre Dan\u0131\u015fmanl\u0131k Yeterlilik Belgesi al\u0131nm\u0131\u015ft\u0131r.\u00a0 <strong>Ankara Sien \u00c7evre dan\u0131\u015fmanl\u0131k <\/strong>hizmet s<\/span><span style=\"font-size: medium;\">ekt\u00f6r\u00fcnde, firmalara b\u00fct\u00fcnc\u00fcl <strong>\u00e7evre dan\u0131\u015fmanl\u0131k<\/strong> hizmeti vermek amac\u0131yla 2018 y\u0131l\u0131nda <strong>\u00c7ED <\/strong>Y<\/span><span style=\"font-size: medium;\">eterlik Belgesi al\u0131nm\u0131\u015ft\u0131r. Firmalar\u0131n kurulu\u015f a\u015famas\u0131ndan \u00fcretime ba\u015flayana kadar olan t\u00fcm <strong>\u00c7evre Dan\u0131\u015fmanl\u0131k<\/strong>, <strong>\u00c7ED<\/strong> ve <strong>\u0130\u015fyeri A\u00e7ma ve \u00c7al\u0131\u015ft\u0131rma Ruhsat\u0131<\/strong>\u00a0dahil t\u00fcm izinleri Ankara da bulunan <strong>\u00c7evre Dan\u0131\u015fmanl\u0131k<\/strong> firmam\u0131z taraf\u0131ndan al\u0131nmaktad\u0131r.<\/span><\/p>\n<p><span style=\"font-size: medium;\"><strong>Ankara da \u00c7evre Dan\u0131\u015fmanl\u0131k<\/strong> hizmeti kapsam\u0131nda sekt\u00f6r\u00fcnde \u00f6nc\u00fc firmalar\u0131n T\u00fcrkiye genelindeki faaliyetlerine <strong>\u00c7evre Dan\u0131\u015fmanl\u0131k hizmeti<\/strong> vermek amac\u0131yla\u00a0 <strong>\u0130stanbul \u00c7evre Dan\u0131\u015fmanl\u0131k<\/strong> ve <strong>\u0130zmir \u00c7evre<\/strong> <strong>Dan\u0131\u015fmanl\u0131k<\/strong> ileti\u015fim merkezleri firmam\u0131z b\u00fcnyesinde kurulmu\u015ftur.<\/span><\/p>\n<p>&nbsp;<\/p>\n<p><span style=\"font-size: large;\"><b>Misyonumuz<\/b><\/span><\/p>\n<p><span style=\"font-size: medium;\">M\u00fc\u015fterilerimizin ihtiya\u00e7lar\u0131n\u0131 \u00f6ng\u00f6rerek h\u0131zl\u0131 ve g\u00fcvenilir \u00e7\u00f6z\u00fcmler \u00fcretirken, tarafs\u0131zl\u0131k ve gizlilik ilkelerimizden \u00f6d\u00fcn vermeden profesyonel \u00f6l\u00e7\u00fcm ve dan\u0131\u015fmanl\u0131k hizmeti sunmakt\u0131r.<\/span><\/p>\n<p><span style=\"font-size: large;\"><b>Vizyonumuz<\/b><\/span><\/p>\n<p><span style=\"font-size: medium;\">Kurulu\u015flar\u0131n \u00e7evreye uyumlu hale getirilmesi amac\u0131yla s\u00fcrekli iyile\u015ftirmelerde bulunarak, \u00e7evre sekt\u00f6r\u00fcnde \u00f6nc\u00fc firma olmak.<\/span><\/p>\n<p><span style=\"font-size: large;\"><b>\u0130lkelerimiz<\/b><\/span><\/p>\n<p><span style=\"font-size: medium;\">M\u00fc\u015fteri odakl\u0131l\u0131k<\/span><\/p>\n<p><span style=\"font-size: medium;\">Kalite<\/span><\/p>\n<p><span style=\"font-size: medium;\">Sorumluluk<\/span><\/p>\n<p><span style=\"font-size: medium;\">Ara\u015ft\u0131rma ve Geli\u015ftirme<\/span><\/p>\n<p><span style=\"font-size: medium;\">S\u00fcreklilik<\/span><\/p>\n<p><span style=\"font-size: medium;\">Verimlilik<\/span><\/p>\n<p><span style=\"font-size: medium;\">Gizlilik<\/span><\/p>\n<p><span style=\"color: #ffffff;\"><strong><a style=\"color: #ffffff;\" href=\"https:\/\/www.ankaracevre.com\/\">Ankara \u00c7evre Dan\u0131\u015fmanl\u0131k<\/a><\/strong><\/span>[\/vc_column_text][\/vc_column][vc_column width=&#8221;1\/2&#8243; css=&#8221;.vc_custom_1507708869193{margin-bottom: 30px !important;}&#8221;][vc_single_image image=&#8221;10&#8243; img_size=&#8221;medium&#8221;][vc_single_image image=&#8221;35&#8243; img_size=&#8221;medium&#8221;][vc_single_image image=&#8221;38&#8243; img_size=&#8221;medium&#8221;][vc_single_image image=&#8221;39&#8243; img_size=&#8221;medium&#8221;][\/vc_column][\/vc_row]<\/p>\n","protected":false},"excerpt":{"rendered":"<p>[vc_row css=&#8221;.vc_custom_1507708877331{padding-top: 60px !important;padding-bottom: 50px !important;}&#8221;][vc_column width=&#8221;1\/2&#8243; css=&#8221;.vc_custom_1507708858259{margin-bottom: 30px !important;padding-top: 24px !important;}&#8221;][vc_column_text]Hakk\u0131m\u0131zda S\u0130EN\u00a0\u00c7EVRE DANI\u015eMALIK kurulu\u015flar\u0131n \u00e7evre mevzuat\u0131 kapsam\u0131nda \u00e7evre dan\u0131\u015fmanl\u0131k hizmeti, \u00e7evresel etki de\u011ferlendirme \u00e7al\u0131\u015fmalar\u0131, \u00e7evresel \u00f6l\u00e7\u00fcm ve raporland\u0131rma, m\u00fchendislik ve dan\u0131\u015fmanl\u0131k ile i\u015f sa\u011fl\u0131\u011f\u0131 ve g\u00fcvenli\u011fi konular\u0131nda alan\u0131nda uzman kadrosu ile birlikte m\u00fc\u015fteri memnuniyeti \u00e7er\u00e7evesinde profesyonel bak\u0131\u015f a\u00e7\u0131s\u0131yla \u00e7\u00f6z\u00fcmler \u00fcretmektedir. 2012 y\u0131l\u0131nda Ankara da<\/p>\n","protected":false},"author":1,"featured_media":0,"parent":0,"menu_order":0,"comment_status":"closed","ping_status":"closed","template":"","meta":{"footnotes":""},"yoast_head":"<!-- This site is optimized with the Yoast SEO plugin v20.13 - https:\/\/yoast.com\/wordpress\/plugins\/seo\/ -->\n<title>Hakk\u0131m\u0131zda - Ankara \u00c7evre Dan\u0131\u015fmanl\u0131k Hizmetleri - Sien \u00c7evre<\/title>\n<meta name=\"description\" content=\"\u00c7ED Raporu, Proje Tan\u0131t\u0131m Dosyas\u0131, \u00c7ED Kapsamd\u0131\u015f\u0131 karar\u0131, \u00c7evre Dan\u0131\u015fmanl\u0131k Hizmetleri, uzman kadromuzla hizmet verilmektedir.\" \/>\n<meta name=\"robots\" content=\"index, follow, max-snippet:-1, max-image-preview:large, max-video-preview:-1\" \/>\n<link rel=\"canonical\" href=\"https:\/\/ankaracevre.com\/?page_id=12\" \/>\n<meta property=\"og:locale\" content=\"tr_TR\" \/>\n<meta property=\"og:type\" content=\"article\" \/>\n<meta property=\"og:title\" content=\"Hakk\u0131m\u0131zda - Ankara \u00c7evre Dan\u0131\u015fmanl\u0131k Hizmetleri - Sien \u00c7evre\" \/>\n<meta property=\"og:description\" content=\"\u00c7ED Raporu, Proje Tan\u0131t\u0131m Dosyas\u0131, \u00c7ED Kapsamd\u0131\u015f\u0131 karar\u0131, \u00c7evre Dan\u0131\u015fmanl\u0131k Hizmetleri, uzman kadromuzla hizmet verilmektedir.\" \/>\n<meta property=\"og:url\" content=\"https:\/\/ankaracevre.com\/?page_id=12\" \/>\n<meta property=\"og:site_name\" content=\"\u00c7evre Dan\u0131\u015fmanl\u0131k ve \u00c7ED Raporu - S\u0130EN \u00c7evre\" \/>\n<meta property=\"article:modified_time\" content=\"2022-08-17T06:03:12+00:00\" \/>\n<meta name=\"twitter:card\" content=\"summary_large_image\" \/>\n<meta name=\"twitter:label1\" content=\"Tahmini okuma s\u00fcresi\" \/>\n\t<meta name=\"twitter:data1\" content=\"2 dakika\" \/>\n<script type=\"application\/ld+json\" class=\"yoast-schema-graph\">{\"@context\":\"https:\/\/schema.org\",\"@graph\":[{\"@type\":\"WebPage\",\"@id\":\"https:\/\/ankaracevre.com\/?page_id=12\",\"url\":\"https:\/\/ankaracevre.com\/?page_id=12\",\"name\":\"Hakk\u0131m\u0131zda - Ankara \u00c7evre Dan\u0131\u015fmanl\u0131k Hizmetleri - Sien \u00c7evre\",\"isPartOf\":{\"@id\":\"https:\/\/ankaracevre.com\/#website\"},\"datePublished\":\"2017-09-26T08:32:36+00:00\",\"dateModified\":\"2022-08-17T06:03:12+00:00\",\"description\":\"\u00c7ED Raporu, Proje Tan\u0131t\u0131m Dosyas\u0131, \u00c7ED Kapsamd\u0131\u015f\u0131 karar\u0131, \u00c7evre Dan\u0131\u015fmanl\u0131k Hizmetleri, uzman kadromuzla hizmet verilmektedir.\",\"inLanguage\":\"tr\",\"potentialAction\":[{\"@type\":\"ReadAction\",\"target\":[\"https:\/\/ankaracevre.com\/?page_id=12\"]}]},{\"@type\":\"WebSite\",\"@id\":\"https:\/\/ankaracevre.com\/#website\",\"url\":\"https:\/\/ankaracevre.com\/\",\"name\":\"\u00c7evre Dan\u0131\u015fmanl\u0131k ve \u00c7ED Raporu - S\u0130EN \u00c7evre\",\"description\":\"Sien \u00c7evre Dan\u0131\u015fmanl\u0131k Kurulu\u015fudur.\",\"publisher\":{\"@id\":\"https:\/\/ankaracevre.com\/#organization\"},\"potentialAction\":[{\"@type\":\"SearchAction\",\"target\":{\"@type\":\"EntryPoint\",\"urlTemplate\":\"https:\/\/ankaracevre.com\/?s={search_term_string}\"},\"query-input\":\"required name=search_term_string\"}],\"inLanguage\":\"tr\"},{\"@type\":\"Organization\",\"@id\":\"https:\/\/ankaracevre.com\/#organization\",\"name\":\"Sien \u00c7evre Dan\u0131\u015fmanl\u0131k\",\"url\":\"https:\/\/ankaracevre.com\/\",\"logo\":{\"@type\":\"ImageObject\",\"inLanguage\":\"tr\",\"@id\":\"https:\/\/ankaracevre.com\/#\/schema\/logo\/image\/\",\"url\":\"https:\/\/ankaracevre.com\/wp-content\/uploads\/2018\/08\/sien-ikon.png\",\"contentUrl\":\"https:\/\/ankaracevre.com\/wp-content\/uploads\/2018\/08\/sien-ikon.png\",\"width\":80,\"height\":93,\"caption\":\"Sien \u00c7evre Dan\u0131\u015fmanl\u0131k\"},\"image\":{\"@id\":\"https:\/\/ankaracevre.com\/#\/schema\/logo\/image\/\"},\"sameAs\":[\"https:\/\/www.linkedin.com\/in\/sinan-kurban-675aa759\/\"]}]}<\/script>\n<!-- \/ Yoast SEO plugin. -->","yoast_head_json":{"title":"Hakk\u0131m\u0131zda - Ankara \u00c7evre Dan\u0131\u015fmanl\u0131k Hizmetleri - Sien \u00c7evre","description":"\u00c7ED Raporu, Proje Tan\u0131t\u0131m Dosyas\u0131, \u00c7ED Kapsamd\u0131\u015f\u0131 karar\u0131, \u00c7evre Dan\u0131\u015fmanl\u0131k Hizmetleri, uzman kadromuzla hizmet verilmektedir.","robots":{"index":"index","follow":"follow","max-snippet":"max-snippet:-1","max-image-preview":"max-image-preview:large","max-video-preview":"max-video-preview:-1"},"canonical":"https:\/\/ankaracevre.com\/?page_id=12","og_locale":"tr_TR","og_type":"article","og_title":"Hakk\u0131m\u0131zda - Ankara \u00c7evre Dan\u0131\u015fmanl\u0131k Hizmetleri - Sien \u00c7evre","og_description":"\u00c7ED Raporu, Proje Tan\u0131t\u0131m Dosyas\u0131, \u00c7ED Kapsamd\u0131\u015f\u0131 karar\u0131, \u00c7evre Dan\u0131\u015fmanl\u0131k Hizmetleri, uzman kadromuzla hizmet verilmektedir.","og_url":"https:\/\/ankaracevre.com\/?page_id=12","og_site_name":"\u00c7evre Dan\u0131\u015fmanl\u0131k ve \u00c7ED Raporu - S\u0130EN \u00c7evre","article_modified_time":"2022-08-17T06:03:12+00:00","twitter_card":"summary_large_image","twitter_misc":{"Tahmini okuma s\u00fcresi":"2 dakika"},"schema":{"@context":"https:\/\/schema.org","@graph":[{"@type":"WebPage","@id":"https:\/\/ankaracevre.com\/?page_id=12","url":"https:\/\/ankaracevre.com\/?page_id=12","name":"Hakk\u0131m\u0131zda - Ankara \u00c7evre Dan\u0131\u015fmanl\u0131k Hizmetleri - Sien \u00c7evre","isPartOf":{"@id":"https:\/\/ankaracevre.com\/#website"},"datePublished":"2017-09-26T08:32:36+00:00","dateModified":"2022-08-17T06:03:12+00:00","description":"\u00c7ED Raporu, Proje Tan\u0131t\u0131m Dosyas\u0131, \u00c7ED Kapsamd\u0131\u015f\u0131 karar\u0131, \u00c7evre Dan\u0131\u015fmanl\u0131k Hizmetleri, uzman kadromuzla hizmet verilmektedir.","inLanguage":"tr","potentialAction":[{"@type":"ReadAction","target":["https:\/\/ankaracevre.com\/?page_id=12"]}]},{"@type":"WebSite","@id":"https:\/\/ankaracevre.com\/#website","url":"https:\/\/ankaracevre.com\/","name":"\u00c7evre Dan\u0131\u015fmanl\u0131k ve \u00c7ED Raporu - S\u0130EN \u00c7evre","description":"Sien \u00c7evre Dan\u0131\u015fmanl\u0131k Kurulu\u015fudur.","publisher":{"@id":"https:\/\/ankaracevre.com\/#organization"},"potentialAction":[{"@type":"SearchAction","target":{"@type":"EntryPoint","urlTemplate":"https:\/\/ankaracevre.com\/?s={search_term_string}"},"query-input":"required name=search_term_string"}],"inLanguage":"tr"},{"@type":"Organization","@id":"https:\/\/ankaracevre.com\/#organization","name":"Sien \u00c7evre Dan\u0131\u015fmanl\u0131k","url":"https:\/\/ankaracevre.com\/","logo":{"@type":"ImageObject","inLanguage":"tr","@id":"https:\/\/ankaracevre.com\/#\/schema\/logo\/image\/","url":"https:\/\/ankaracevre.com\/wp-content\/uploads\/2018\/08\/sien-ikon.png","contentUrl":"https:\/\/ankaracevre.com\/wp-content\/uploads\/2018\/08\/sien-ikon.png","width":80,"height":93,"caption":"Sien \u00c7evre Dan\u0131\u015fmanl\u0131k"},"image":{"@id":"https:\/\/ankaracevre.com\/#\/schema\/logo\/image\/"},"sameAs":["https:\/\/www.linkedin.com\/in\/sinan-kurban-675aa759\/"]}]}},"_links":{"self":[{"href":"https:\/\/ankaracevre.com\/index.php?rest_route=\/wp\/v2\/pages\/12"}],"collection":[{"href":"https:\/\/ankaracevre.com\/index.php?rest_route=\/wp\/v2\/pages"}],"about":[{"href":"https:\/\/ankaracevre.com\/index.php?rest_route=\/wp\/v2\/types\/page"}],"author":[{"embeddable":true,"href":"https:\/\/ankaracevre.com\/index.php?rest_route=\/wp\/v2\/users\/1"}],"replies":[{"embeddable":true,"href":"https:\/\/ankaracevre.com\/index.php?rest_route=%2Fwp%2Fv2%2Fcomments&post=12"}],"version-history":[{"count":6,"href":"https:\/\/ankaracevre.com\/index.php?rest_route=\/wp\/v2\/pages\/12\/revisions"}],"predecessor-version":[{"id":2014,"href":"https:\/\/ankaracevre.com\/index.php?rest_route=\/wp\/v2\/pages\/12\/revisions\/2014"}],"wp:attachment":[{"href":"https:\/\/ankaracevre.com\/index.php?rest_route=%2Fwp%2Fv2%2Fmedia&parent=12"}],"curies":[{"name":"wp","href":"https:\/\/api.w.org\/{rel}","templated":true}]}}